{"id":170,"date":"2025-03-21T20:22:24","date_gmt":"2025-03-21T20:22:24","guid":{"rendered":"https:\/\/inpesca.campeche.gob.mx\/?page_id=170"},"modified":"2025-07-29T18:11:37","modified_gmt":"2025-07-29T18:11:37","slug":"cocodi-2","status":"publish","type":"page","link":"https:\/\/inpesca.campeche.gob.mx\/?page_id=170","title":{"rendered":"COCODI"},"content":{"rendered":"<p>[et_pb_section fb_built=\u00bb1&#8243; _builder_version=\u00bb4.27.4&#8243; _module_preset=\u00bbdefault\u00bb custom_padding=\u00bb5px||3px|||\u00bb global_colors_info=\u00bb{}\u00bb][et_pb_row _builder_version=\u00bb4.27.4&#8243; _module_preset=\u00bbdefault\u00bb background_enable_image=\u00bboff\u00bb global_colors_info=\u00bb{}\u00bb][et_pb_column type=\u00bb4_4&#8243; _builder_version=\u00bb4.27.4&#8243; _module_preset=\u00bbdefault\u00bb global_colors_info=\u00bb{}\u00bb][et_pb_text _builder_version=\u00bb4.27.4&#8243; _module_preset=\u00bbdefault\u00bb global_colors_info=\u00bb{}\u00bb]<\/p>\n<h1><span style=\"color: #808080;\">COMIT\u00c9 DE CONTROL Y DESEMPE\u00d1O INSTITUCIONAL<\/span><\/h1>\n<p style=\"text-align: left;\"><span style=\"color: #808080;\">Instituto de Pesca y Acuacultura del Estado de Campeche<\/span><\/p>\n<p>[\/et_pb_text][\/et_pb_column][\/et_pb_row][\/et_pb_section][et_pb_section fb_built=\u00bb1&#8243; _builder_version=\u00bb4.27.4&#8243; _module_preset=\u00bbdefault\u00bb custom_padding=\u00bb5px|||||\u00bb locked=\u00bboff\u00bb global_colors_info=\u00bb{}\u00bb][et_pb_row _builder_version=\u00bb4.27.4&#8243; _module_preset=\u00bbdefault\u00bb global_colors_info=\u00bb{}\u00bb][et_pb_column type=\u00bb4_4&#8243; _builder_version=\u00bb4.27.4&#8243; _module_preset=\u00bbdefault\u00bb global_colors_info=\u00bb{}\u00bb][et_pb_tabs _builder_version=\u00bb4.27.4&#8243; _module_preset=\u00bbdefault\u00bb global_colors_info=\u00bb{}\u00bb][et_pb_tab title=\u00bbOBJETIVO\u00bb _builder_version=\u00bb4.27.4&#8243; _module_preset=\u00bbdefault\u00bb global_colors_info=\u00bb{}\u00bb]<\/p>\n<p>Entre otros objetivos, agregar valor a la gesti\u00f3n institucional de las Dependencias y Entidades de la Administraci\u00f3n P\u00fablica Estatal y apoyar el cumplimiento de metas y objetivos institucionales con enfoque a resultados, as\u00ed como a la mejora de los programas presupuestarios.<\/p>\n<p>Con fundamento con el art\u00edculo 44 del acuerdo que tiene por objeto emitir las Disposiciones Generales en Materia del Marco Integrado de Control Interno Las Instituciones constituir\u00e1n un Comit\u00e9 que se integrar\u00e1 con los siguientes miembros propietarios:<\/p>\n<ul>\n<li>El presidente: Titular de la Instituci\u00f3n;<\/li>\n<li>El Vocal Ejecutivo: Titular del \u00d3rgano Interno de Control;<\/li>\n<\/ul>\n<p>Vocal: En las Entidades Sectorizadas: Un representante de la Coordinadora Sectorial,<\/p>\n<p>Coordinador De Control Interno<\/p>\n<ul>\n<li>Enlace De Administraci\u00f3n De Riesgos<\/li>\n<li>Enlace De Administraci\u00f3n De Control Interno<\/li>\n<\/ul>\n<p>[\/et_pb_tab][et_pb_tab title=\u00bbVALORES\u00bb _builder_version=\u00bb4.27.4&#8243; _module_preset=\u00bbdefault\u00bb global_colors_info=\u00bb{}\u00bb]<\/p>\n<p><img loading=\"lazy\" decoding=\"async\" src=\"https:\/\/inpesca.campeche.gob.mx\/wp-content\/uploads\/2025\/03\/Valores-883x1024.png\" width=\"510\" height=\"591\" alt=\"\" class=\"wp-image-284 alignright size-large\" style=\"float: left;\" \/><\/p>\n<p>[\/et_pb_tab][\/et_pb_tabs][et_pb_tabs _builder_version=\u00bb4.27.4&#8243; _module_preset=\u00bbdefault\u00bb hover_enabled=\u00bb0&#8243; global_colors_info=\u00bb{}\u00bb sticky_enabled=\u00bb0&#8243;][et_pb_tab title=\u00bbEJERCICIO 2025&#8243; _builder_version=\u00bb4.27.4&#8243; _module_preset=\u00bbdefault\u00bb hover_enabled=\u00bb0&#8243; global_colors_info=\u00bb{}\u00bb sticky_enabled=\u00bb0&#8243;]<\/p>\n<table border=\"1\" style=\"border-collapse: collapse; width: 100%;\">\n<tbody>\n<tr>\n<td style=\"width: 10%;\"><img loading=\"lazy\" decoding=\"async\" src=\"https:\/\/inpesca.campeche.gob.mx\/wp-content\/uploads\/2025\/03\/pdf_icon-150x150.png\" width=\"57\" height=\"57\" alt=\"\" class=\"wp-image-263 alignright size-thumbnail\" \/><\/td>\n<td style=\"width: 90%;\">ACTA Primera Sesi\u00f3n Ordinaria COCODI 2025<\/td>\n<\/tr>\n<\/tbody>\n<\/table>\n<p>[\/et_pb_tab][et_pb_tab title=\u00bbGALER\u00cdA\u00bb _builder_version=\u00bb4.27.4&#8243; _module_preset=\u00bbdefault\u00bb global_colors_info=\u00bb{}\u00bb][\/et_pb_tab][\/et_pb_tabs][et_pb_tabs _builder_version=\u00bb4.27.4&#8243; _module_preset=\u00bbdefault\u00bb hover_enabled=\u00bb0&#8243; global_colors_info=\u00bb{}\u00bb sticky_enabled=\u00bb0&#8243;][et_pb_tab title=\u00bbEJERCICIO 2024&#8243; _builder_version=\u00bb4.27.4&#8243; _module_preset=\u00bbdefault\u00bb hover_enabled=\u00bb0&#8243; global_colors_info=\u00bb{}\u00bb sticky_enabled=\u00bb0&#8243;]<\/p>\n<table border=\"1\" style=\"border-collapse: collapse; width: 100%;\">\n<tbody>\n<tr>\n<td style=\"width: 10%;\"><img loading=\"lazy\" decoding=\"async\" src=\"https:\/\/inpesca.campeche.gob.mx\/wp-content\/uploads\/2025\/03\/pdf_icon-150x150.png\" width=\"57\" height=\"57\" alt=\"\" class=\"wp-image-263 alignright size-thumbnail\" \/><\/td>\n<td style=\"width: 90%;\"><a href=\"https:\/\/inpesca.campeche.gob.mx\/wp-content\/uploads\/2025\/07\/ACTA-Primera-Sesion-Ordinaria-COCODI-2024.pdf\" target=\"_blank\" rel=\"noopener\">ACTA Primera Sesi\u00f3n Ordinaria COCODI 2024<\/a><\/td>\n<\/tr>\n<tr>\n<td style=\"width: 10%;\"><img loading=\"lazy\" decoding=\"async\" src=\"https:\/\/inpesca.campeche.gob.mx\/wp-content\/uploads\/2025\/03\/pdf_icon-150x150.png\" width=\"57\" height=\"57\" alt=\"\" class=\"wp-image-263 alignright size-thumbnail\" \/><\/td>\n<td style=\"width: 90%;\"><a href=\"https:\/\/inpesca.campeche.gob.mx\/wp-content\/uploads\/2025\/07\/ACTA-Segunda-Sesion-Ordinaria-COCODI-2024.pdf\" target=\"_blank\" rel=\"noopener\">ACTA Segunda Sesi\u00f3n Ordinaria COCODI 2024<\/a><\/td>\n<\/tr>\n<tr>\n<td style=\"width: 10%;\"><img loading=\"lazy\" decoding=\"async\" src=\"https:\/\/inpesca.campeche.gob.mx\/wp-content\/uploads\/2025\/03\/pdf_icon-150x150.png\" width=\"57\" height=\"57\" alt=\"\" class=\"wp-image-263 alignright size-thumbnail\" \/><\/td>\n<td style=\"width: 90%;\"><a href=\"https:\/\/inpesca.campeche.gob.mx\/wp-content\/uploads\/2025\/07\/ACTA-Tercera-Sesion-Ordinaria-2024-COCODI.pdf\" target=\"_blank\" rel=\"noopener\">ACTA Tercera Sesi\u00f3n Ordinaria COCODI 2024<\/a><\/td>\n<\/tr>\n<tr>\n<td style=\"width: 10%;\"><img loading=\"lazy\" decoding=\"async\" src=\"https:\/\/inpesca.campeche.gob.mx\/wp-content\/uploads\/2025\/03\/pdf_icon-150x150.png\" width=\"57\" height=\"57\" alt=\"\" class=\"wp-image-263 alignright size-thumbnail\" \/><\/td>\n<td style=\"width: 90%;\"><a href=\"https:\/\/inpesca.campeche.gob.mx\/wp-content\/uploads\/2025\/07\/ACTA-Cuarta-Sesion-Ordinaria-COCODI-2024.pdf\" target=\"_blank\" rel=\"noopener\">ACTA Cuarta Sesi\u00f3n Ordinaria COCODI 2024<\/a><\/td>\n<\/tr>\n<tr>\n<td style=\"width: 10%;\"><img loading=\"lazy\" decoding=\"async\" src=\"https:\/\/inpesca.campeche.gob.mx\/wp-content\/uploads\/2025\/03\/pdf_icon-150x150.png\" width=\"57\" height=\"57\" alt=\"\" class=\"wp-image-263 alignright size-thumbnail\" \/><\/td>\n<td style=\"width: 90%;\"><a href=\"https:\/\/inpesca.campeche.gob.mx\/wp-content\/uploads\/2025\/07\/Formato-de-administracion-de-riesgos-institucional-COCODI-2024.pdf\" target=\"_blank\" rel=\"noopener\">Formato de Administraci\u00f3n de Riesgos Institucional COCODI 2024<\/a><\/td>\n<\/tr>\n<tr>\n<td style=\"width: 10%;\"><img loading=\"lazy\" decoding=\"async\" src=\"https:\/\/inpesca.campeche.gob.mx\/wp-content\/uploads\/2025\/03\/pdf_icon-150x150.png\" width=\"57\" height=\"57\" alt=\"\" class=\"wp-image-263 alignright size-thumbnail\" \/><\/td>\n<td style=\"width: 90%;\"><a href=\"https:\/\/inpesca.campeche.gob.mx\/wp-content\/uploads\/2025\/07\/Metas-de-Administracion-de-Riesgos-Institucional-COCODI-2024.pdf\" target=\"_blank\" rel=\"noopener\">Metas de Administraci\u00f3n de Riesgos Institucional COCODI 2024<\/a><\/td>\n<\/tr>\n<\/tbody>\n<\/table>\n<p>[\/et_pb_tab][et_pb_tab title=\u00bbGALER\u00cdA\u00bb _builder_version=\u00bb4.27.4&#8243; _module_preset=\u00bbdefault\u00bb global_colors_info=\u00bb{}\u00bb][\/et_pb_tab][\/et_pb_tabs][\/et_pb_column][\/et_pb_row][\/et_pb_section]<\/p>\n","protected":false},"excerpt":{"rendered":"<p>COMIT\u00c9 DE CONTROL Y DESEMPE\u00d1O INSTITUCIONAL Instituto de Pesca y Acuacultura del Estado de CampecheEntre otros objetivos, agregar valor a la gesti\u00f3n institucional de las Dependencias y Entidades de la Administraci\u00f3n P\u00fablica Estatal y apoyar el cumplimiento de metas y objetivos institucionales con enfoque a resultados, as\u00ed como a la mejora de los programas presupuestarios. [&hellip;]<\/p>\n","protected":false},"author":2,"featured_media":0,"parent":0,"menu_order":0,"comment_status":"closed","ping_status":"closed","template":"","meta":{"_acf_changed":false,"_et_pb_use_builder":"on","_et_pb_old_content":"","_et_gb_content_width":"","footnotes":""},"class_list":["post-170","page","type-page","status-publish","hentry"],"acf":[],"_links":{"self":[{"href":"https:\/\/inpesca.campeche.gob.mx\/index.php?rest_route=\/wp\/v2\/pages\/170","targetHints":{"allow":["GET"]}}],"collection":[{"href":"https:\/\/inpesca.campeche.gob.mx\/index.php?rest_route=\/wp\/v2\/pages"}],"about":[{"href":"https:\/\/inpesca.campeche.gob.mx\/index.php?rest_route=\/wp\/v2\/types\/page"}],"author":[{"embeddable":true,"href":"https:\/\/inpesca.campeche.gob.mx\/index.php?rest_route=\/wp\/v2\/users\/2"}],"replies":[{"embeddable":true,"href":"https:\/\/inpesca.campeche.gob.mx\/index.php?rest_route=%2Fwp%2Fv2%2Fcomments&post=170"}],"version-history":[{"count":10,"href":"https:\/\/inpesca.campeche.gob.mx\/index.php?rest_route=\/wp\/v2\/pages\/170\/revisions"}],"predecessor-version":[{"id":1366,"href":"https:\/\/inpesca.campeche.gob.mx\/index.php?rest_route=\/wp\/v2\/pages\/170\/revisions\/1366"}],"wp:attachment":[{"href":"https:\/\/inpesca.campeche.gob.mx\/index.php?rest_route=%2Fwp%2Fv2%2Fmedia&parent=170"}],"curies":[{"name":"wp","href":"https:\/\/api.w.org\/{rel}","templated":true}]}}