{"id":175,"date":"2025-03-21T20:28:26","date_gmt":"2025-03-21T20:28:26","guid":{"rendered":"https:\/\/inpesca.campeche.gob.mx\/?page_id=175"},"modified":"2025-10-10T18:29:23","modified_gmt":"2025-10-10T18:29:23","slug":"comite-de-etica","status":"publish","type":"page","link":"https:\/\/inpesca.campeche.gob.mx\/?page_id=175","title":{"rendered":"COMIT\u00c9 DE \u00c9TICA"},"content":{"rendered":"<p>[et_pb_section fb_built=\u00bb1&#8243; _builder_version=\u00bb4.27.4&#8243; _module_preset=\u00bbdefault\u00bb custom_padding=\u00bb4px||2px|||\u00bb global_colors_info=\u00bb{}\u00bb][et_pb_row _builder_version=\u00bb4.27.4&#8243; _module_preset=\u00bbdefault\u00bb background_enable_image=\u00bboff\u00bb global_colors_info=\u00bb{}\u00bb][et_pb_column type=\u00bb4_4&#8243; _builder_version=\u00bb4.27.4&#8243; _module_preset=\u00bbdefault\u00bb global_colors_info=\u00bb{}\u00bb][et_pb_text _builder_version=\u00bb4.27.4&#8243; _module_preset=\u00bbdefault\u00bb global_colors_info=\u00bb{}\u00bb]<\/p>\n<h1 style=\"text-align: left;\"><span style=\"color: #808080;\">COMIT\u00c9 DE \u00c9TICA<\/span><\/h1>\n<p style=\"text-align: left;\"><span style=\"color: #808080;\">Instituto de Pesca y Acuacultura del Estado de Campeche<\/span><\/p>\n<p>[\/et_pb_text][\/et_pb_column][\/et_pb_row][\/et_pb_section][et_pb_section fb_built=\u00bb1&#8243; _builder_version=\u00bb4.27.4&#8243; _module_preset=\u00bbdefault\u00bb custom_padding=\u00bb2px||0px|||\u00bb global_colors_info=\u00bb{}\u00bb][et_pb_row _builder_version=\u00bb4.27.4&#8243; _module_preset=\u00bbdefault\u00bb custom_padding=\u00bb13px||0px|||\u00bb global_colors_info=\u00bb{}\u00bb][et_pb_column type=\u00bb4_4&#8243; _builder_version=\u00bb4.27.4&#8243; _module_preset=\u00bbdefault\u00bb global_colors_info=\u00bb{}\u00bb][et_pb_text _builder_version=\u00bb4.27.4&#8243; _module_preset=\u00bbdefault\u00bb global_colors_info=\u00bb{}\u00bb]<\/p>\n<table border=\"1\" style=\"border-collapse: collapse; width: 100%;\">\n<tbody>\n<tr>\n<td style=\"width: 10%;\"><a href=\"https:\/\/inpesca.campeche.gob.mx\/wp-content\/uploads\/2025\/09\/CODIGO-DE-ETICA-DE-LA-ADMINISTRACION-PUBLICA-DEL-EDO.-CAMPECHE-POE-4-MAYO-2023.pdf\" target=\"_blank\" rel=\"noopener\"><img loading=\"lazy\" decoding=\"async\" src=\"https:\/\/inpesca.campeche.gob.mx\/wp-content\/uploads\/2025\/03\/pdf_icon-150x150.png\" width=\"57\" height=\"57\" alt=\"\" class=\"wp-image-263 alignright size-thumbnail\" \/><\/a><\/td>\n<td style=\"width: 90%;\">\n<p>Acuerdo de la secretar\u00eda de la contralor\u00eda de la administraci\u00f3n p\u00fablica del estado de Campeche por el que se emite el c\u00f3digo de \u00e9tica de la administraci\u00f3n p\u00fablica del estado de Campeche.<\/p>\n<\/td>\n<\/tr>\n<tr>\n<td style=\"width: 10%;\"><a href=\"https:\/\/inpesca.campeche.gob.mx\/wp-content\/uploads\/2025\/09\/CODIGO-DE-CONDUCTA-DEL-INPESCA-2025.pdf\" target=\"_blank\" rel=\"noopener\"><img loading=\"lazy\" decoding=\"async\" src=\"https:\/\/inpesca.campeche.gob.mx\/wp-content\/uploads\/2025\/03\/pdf_icon-150x150.png\" width=\"57\" height=\"57\" alt=\"\" class=\"wp-image-263 alignright size-thumbnail\" \/><\/a><\/td>\n<td style=\"width: 90%;\">\n<p>Acuerdo de la junta de gobierno de instituto de pesca y acuacultura del estado de Campeche, por lo que toma conocimiento de la emisi\u00f3n del c\u00f3digo de conducta del instituto de pesca y acuacultura del estado de Campeche.<\/p>\n<\/td>\n<\/tr>\n<\/tbody>\n<\/table>\n<p>[\/et_pb_text][\/et_pb_column][\/et_pb_row][\/et_pb_section][et_pb_section fb_built=\u00bb1&#8243; _builder_version=\u00bb4.27.4&#8243; _module_preset=\u00bbdefault\u00bb custom_padding=\u00bb4px||0px|||\u00bb global_colors_info=\u00bb{}\u00bb][et_pb_row _builder_version=\u00bb4.27.4&#8243; _module_preset=\u00bbdefault\u00bb background_enable_image=\u00bboff\u00bb global_colors_info=\u00bb{}\u00bb custom_padding=\u00bb||1px|||\u00bb][et_pb_column type=\u00bb4_4&#8243; _builder_version=\u00bb4.27.4&#8243; _module_preset=\u00bbdefault\u00bb global_colors_info=\u00bb{}\u00bb][et_pb_text _builder_version=\u00bb4.27.4&#8243; _module_preset=\u00bbdefault\u00bb hover_enabled=\u00bb0&#8243; global_colors_info=\u00bb{}\u00bb sticky_enabled=\u00bb0&#8243; custom_margin=\u00bb-11px|||||\u00bb]<\/p>\n<h4 style=\"text-align: left;\"><span style=\"color: #808080;\">ORGANIGRAMA<\/span><\/h4>\n<p>[\/et_pb_text][\/et_pb_column][\/et_pb_row][\/et_pb_section][et_pb_section fb_built=\u00bb1&#8243; theme_builder_area=\u00bbpost_content\u00bb _builder_version=\u00bb4.27.4&#8243; _module_preset=\u00bbdefault\u00bb custom_padding=\u00bb16px||4px|||\u00bb][et_pb_row _builder_version=\u00bb4.27.4&#8243; _module_preset=\u00bbdefault\u00bb theme_builder_area=\u00bbpost_content\u00bb][et_pb_column _builder_version=\u00bb4.27.4&#8243; _module_preset=\u00bbdefault\u00bb type=\u00bb4_4&#8243; theme_builder_area=\u00bbpost_content\u00bb][et_pb_image src=\u00bbhttps:\/\/inpesca.campeche.gob.mx\/wp-content\/uploads\/2025\/10\/OrG-scaled.png\u00bb _builder_version=\u00bb4.27.4&#8243; _module_preset=\u00bbdefault\u00bb theme_builder_area=\u00bbpost_content\u00bb hover_enabled=\u00bb0&#8243; sticky_enabled=\u00bb0&#8243;][\/et_pb_image][\/et_pb_column][\/et_pb_row][\/et_pb_section][et_pb_section fb_built=\u00bb1&#8243; _builder_version=\u00bb4.27.4&#8243; _module_preset=\u00bbdefault\u00bb custom_padding=\u00bb5px|||||\u00bb global_colors_info=\u00bb{}\u00bb][et_pb_row _builder_version=\u00bb4.27.4&#8243; _module_preset=\u00bbdefault\u00bb global_colors_info=\u00bb{}\u00bb][et_pb_column type=\u00bb4_4&#8243; _builder_version=\u00bb4.27.4&#8243; _module_preset=\u00bbdefault\u00bb global_colors_info=\u00bb{}\u00bb][et_pb_tabs _builder_version=\u00bb4.27.4&#8243; _module_preset=\u00bbdefault\u00bb custom_padding=\u00bb24px||24px|||\u00bb hover_enabled=\u00bb0&#8243; global_colors_info=\u00bb{}\u00bb sticky_enabled=\u00bb0&#8243;][et_pb_tab title=\u00bbOBJETIVO\u00bb _builder_version=\u00bb4.27.4&#8243; _module_preset=\u00bbdefault\u00bb global_colors_info=\u00bb{}\u00bb]<\/p>\n<p>Las dependencias y entidades contaran con comit\u00e9s de \u00e9tica y la prevenci\u00f3n que propicien la integraci\u00f3n de los servidores p\u00fablicos e implementen acciones permanentes que favorezcan su comportamiento \u00e9tico.<br \/>Entre las acciones que realizan los comit\u00e9s de \u00e9tica est\u00e1n:<\/p>\n<p>1.Acciones de capacitaci\u00f3n, sensibilizaci\u00f3n y difusi\u00f3n de la cultura de la integridad en el ejercicio de la funci\u00f3n p\u00fablica.<br \/>2. Contar con un procedimiento de atenci\u00f3n a denuncias presentadas ante los Comit\u00e9s de \u00c9tica por presuntas violaciones al C\u00f3digo de \u00c9tica y C\u00f3digo de Conducta respectivos.<br \/>3. Contar con un procedimiento de atenci\u00f3n a consultas en materia de conflicto de inter\u00e9s.<br \/>4. As\u00ed como establecer los medios de coordinaci\u00f3n y vinculaci\u00f3n con la secretar\u00eda de la Contralor\u00eda.<\/p>\n<p>[\/et_pb_tab][et_pb_tab title=\u00bbVALORES\u00bb _builder_version=\u00bb4.27.4&#8243; _module_preset=\u00bbdefault\u00bb global_colors_info=\u00bb{}\u00bb]<\/p>\n<p><img loading=\"lazy\" decoding=\"async\" src=\"https:\/\/inpesca.campeche.gob.mx\/wp-content\/uploads\/2025\/03\/Valores-883x1024.png\" width=\"510\" height=\"591\" alt=\"\" class=\"wp-image-284 alignright size-large\" style=\"float: left;\" \/><\/p>\n<p>[\/et_pb_tab][et_pb_tab title=\u00bbPERSONA CONSEJERA\u00bb _builder_version=\u00bb4.27.4&#8243; _module_preset=\u00bbdefault\u00bb global_colors_info=\u00bb{}\u00bb]<\/p>\n<table border=\"1\" style=\"border-collapse: collapse; width: 100%;\">\n<tbody>\n<tr>\n<td style=\"width: 50%;\"><img loading=\"lazy\" decoding=\"async\" src=\"https:\/\/inpesca.campeche.gob.mx\/wp-content\/uploads\/2025\/09\/WhatsApp-Image-2025-09-29-at-4.22.17-PM-225x300.jpeg\" width=\"225\" height=\"300\" alt=\"\" class=\"wp-image-1588 alignright size-medium\" \/><\/td>\n<td style=\"width: 50%;\">\n<h4 class=\"et_pb_module_header\">LIC. MARIBEL C\u00c1LIZ L\u00d3PEZ<\/h4>\n<p class=\"et_pb_member_position\">JEFA DE DEPARTAMENTO<\/p>\n<div>\n<p>Toma de protesta como persona consejera 2025<\/p>\n<\/div>\n<\/td>\n<\/tr>\n<\/tbody>\n<\/table>\n<p>[\/et_pb_tab][\/et_pb_tabs][et_pb_tabs _builder_version=\u00bb4.27.4&#8243; _module_preset=\u00bbdefault\u00bb global_colors_info=\u00bb{}\u00bb][et_pb_tab title=\u00bbEJERCICIO 2025&#8243; _builder_version=\u00bb4.27.4&#8243; _module_preset=\u00bbdefault\u00bb global_colors_info=\u00bb{}\u00bb]<\/p>\n<p><strong>COMITE DE \u00c9TICA DEL INPESCA 2025<\/strong><\/p>\n<ol>\n<li><a href=\"https:\/\/inpesca.campeche.gob.mx\/wp-content\/uploads\/2025\/05\/1.-Acta-Primera-Sesion-Ordinaria-del-Comite-de-Etica-del-INPESCA-2025.pdf\" target=\"_blank\" rel=\"noopener\">Acta de la Primera Seci\u00f3n Ordinaria del Comit\u00e9 de \u00c9tica del INPESCA-2025<\/a><\/li>\n<\/ol>\n<p>1.2. <a href=\"https:\/\/inpesca.campeche.gob.mx\/wp-content\/uploads\/2025\/05\/1.2.-Calendario-Anual-de-Sesiones-del-Comite-de-Etica-del-INPESCA-2025.pdf\" target=\"_blank\" rel=\"noopener\">Calendario Anual de Sesiones del Comit\u00e9 \u00c9tica INPESCA-2025<\/a><\/p>\n<p>1.3. <a href=\"https:\/\/inpesca.campeche.gob.mx\/wp-content\/uploads\/2025\/05\/1.3.-Programa-Anual-de-Trabajo-del-Comite-de-Etica-del-INPESCA-2025.pdf\" target=\"_blank\" rel=\"noopener\">Programa Anual de Trabajo del Comit\u00e9 de \u00c9tica del INPESCA 2025<\/a><\/p>\n<p>1.4. <a href=\"https:\/\/inpesca.campeche.gob.mx\/wp-content\/uploads\/2025\/05\/1.4.-Indicadores-de-Cumplimiento-del-Codigo-de-Etica-y-de-Conducta-del-CE-INPESCA-2025.pdf\" target=\"_blank\" rel=\"noopener\">Indicadores de Cumplimiento del C\u00f3digo de \u00c9tica y del Conducta del CE-INPESCA 2025<\/a><\/p>\n<p>1.5. <a href=\"https:\/\/inpesca.campeche.gob.mx\/wp-content\/uploads\/2025\/05\/1.5.-Ratificacion-de-las-Bases-de-Integracion-y-Funcionamiento-del-CE-INPESCA-2025.pdf\" target=\"_blank\" rel=\"noopener\">Ratificaci\u00f3n de las Bases de Integraci\u00f3n y Funcionamiento del CE-INPESCA 2025<\/a><\/p>\n<p>1.6. <a href=\"https:\/\/inpesca.campeche.gob.mx\/wp-content\/uploads\/2025\/05\/1.6.-Ratificacion-del-Formato-de-Primer-Contacto-para-la-Presentacion-de-Denuncias-en-Casos-de-Hostigamiento-y-Acoso-Sexual-2025.pdf\" target=\"_blank\" rel=\"noopener\">Ratificaci\u00f3n del Formato del Primer Contacto para la Presentaci\u00f3n Denuncias en casos de Hostigamiento y Acoso Sexual<\/a><\/p>\n<p>1.7. <a href=\"https:\/\/inpesca.campeche.gob.mx\/wp-content\/uploads\/2025\/05\/1.7.-Organigrama-del-Comite-de-Etica-del-INPESCA-2025.pdf\" target=\"_blank\" rel=\"noopener\">Organigrama Comit\u00e9 \u00c9tica del INPESCA-2025<\/a><\/p>\n<p>1.8. <a href=\"https:\/\/inpesca.campeche.gob.mx\/wp-content\/uploads\/2025\/05\/1.8.-Directorio-del-Comite-de-Etica-del-INPESCA-2025.pdf\" target=\"_blank\" rel=\"noopener\">Directorio del Comit\u00e9 de \u00c9tica del INPESCA-2025<\/a><\/p>\n<p>1.9. <a href=\"https:\/\/inpesca.campeche.gob.mx\/wp-content\/uploads\/2025\/05\/1.9.-Pronunciamiento-CERO-Tolerancia-al-Hostigamienrto-Sexual-y-al-Acoso-Sexual-INPESCA-2025.pdf\" target=\"_blank\" rel=\"noopener\">Pronunciamiento CERO Tolerancia al Hostigamienrto Sexual y al Acoso Sexual INPESCA-2025<\/a><\/p>\n<p>1.10. <a href=\"https:\/\/inpesca.campeche.gob.mx\/wp-content\/uploads\/2025\/05\/1.10.-Posicionamiento-de-NO-Tolerancia-a-los-Actos-de-Corrupcion-2025.pdf\" target=\"_blank\" rel=\"noopener\">Posicionamiento de NO Tolerancia a los Actos de Corrupci\u00f3n 2025<\/a><\/p>\n<p>1.11. Ratificacion Persona Consejera INPESCA 2025<\/p>\n<ol start=\"2\"><\/ol>\n<p>&nbsp;<\/p>\n<p><strong>Informes Trimestrales del Avance del Cumplimiento de Metas y Actividades del PAT 2025 del CE-INPESCA.<\/strong><\/p>\n<ul>\n<li><a href=\"https:\/\/inpesca.campeche.gob.mx\/wp-content\/uploads\/2025\/05\/Primer-Informe-Trimestral-del-Avance-del-Cumplimiento-de-Metas-y-Actividades-del-PAT-2025-del-CE-INPESCA.pdf\" target=\"_blank\" rel=\"noopener\">Primer Informe Trimestral del Avance del Cumplimiento de Metas y Actividades del PAT 2025 DEL CE-INPESCA<\/a><\/li>\n<\/ul>\n<p><strong>Informes Trimestrales de Denuncias del CE -INPESCA 2025<\/strong><\/p>\n<ul>\n<li><a href=\"https:\/\/inpesca.campeche.gob.mx\/wp-content\/uploads\/2025\/05\/Primer-Informe-Trimestral-de-Denuncias-del-CE-INPESCA-2025.pdf\" target=\"_blank\" rel=\"noopener\">Primer Informe Trimestral de Denuncias del CE-INPESCA 2025<\/a><\/li>\n<\/ul>\n<p>[\/et_pb_tab][et_pb_tab title=\u00bbGALER\u00cdA\u00bb _builder_version=\u00bb4.27.4&#8243; _module_preset=\u00bbdefault\u00bb global_colors_info=\u00bb{}\u00bb]<\/p>\n<table border=\"1\" style=\"border-collapse: collapse; width: 100%; height: 457px;\">\n<tbody>\n<tr style=\"height: 24px;\">\n<td style=\"width: 100%; height: 24px;\">PRIMERA SESI\u00d3N<\/td>\n<\/tr>\n<tr style=\"height: 241px;\">\n<td style=\"width: 100%; height: 241px;\"><img loading=\"lazy\" decoding=\"async\" src=\"https:\/\/inpesca.campeche.gob.mx\/wp-content\/uploads\/2025\/05\/346SGD-300x225.png\" width=\"300\" height=\"225\" alt=\"\" class=\"wp-image-705 alignright size-medium\" style=\"float: left;\" \/><\/td>\n<\/tr>\n<tr style=\"height: 24px;\">\n<td style=\"width: 100%; height: 24px;\">SEGUNDA SESI\u00d3N<\/td>\n<\/tr>\n<tr style=\"height: 24px;\">\n<td style=\"width: 100%; height: 24px;\"><img loading=\"lazy\" decoding=\"async\" src=\"https:\/\/inpesca.campeche.gob.mx\/wp-content\/uploads\/2025\/09\/WhatsApp-Image-2025-09-29-at-4.20.59-PM-300x208.jpeg\" width=\"300\" height=\"208\" alt=\"\" class=\"wp-image-1583 alignright size-medium\" style=\"float: left;\" \/><\/td>\n<\/tr>\n<tr style=\"height: 24px;\">\n<td style=\"width: 100%; height: 24px;\">TERCERA SESI\u00d3N<\/td>\n<\/tr>\n<tr style=\"height: 24px;\">\n<td style=\"width: 100%; height: 24px;\"><\/td>\n<\/tr>\n<tr style=\"height: 24px;\">\n<td style=\"width: 100%; height: 24px;\">CUARTA SESI\u00d3N<\/td>\n<\/tr>\n<tr style=\"height: 24px;\">\n<td style=\"width: 100%; height: 24px;\"><\/td>\n<\/tr>\n<tr style=\"height: 24px;\">\n<td style=\"width: 100%; height: 24px;\">CAPACITACIONES<\/td>\n<\/tr>\n<tr style=\"height: 24px;\">\n<td style=\"width: 100%; height: 24px;\">\n<table border=\"1\" style=\"border-collapse: collapse; width: 100%; height: 47px;\">\n<tbody>\n<tr style=\"height: 47px;\">\n<td style=\"width: 33.3333%; text-align: center; height: 47px;\">\u201cPlatica C\u00f3digo de \u00c9tica de la Administraci\u00f3n P\u00fablica\u201d<\/td>\n<td style=\"width: 33.3333%; text-align: center; height: 47px;\">\u201cPlatica Prevenci\u00f3n y Atenci\u00f3n del Acoso y Hostigamiento Laboral\u201d<\/td>\n<td style=\"width: 33.3333%; text-align: center; height: 47px;\">\u201cPlatica Servicio P\u00fablico con Perspectiva de G\u00e9nero\u201d<\/td>\n<\/tr>\n<tr style=\"height: 0px;\">\n<td style=\"width: 33.3333%; height: 0px;\"><img loading=\"lazy\" decoding=\"async\" src=\"https:\/\/inpesca.campeche.gob.mx\/wp-content\/uploads\/2025\/09\/WhatsApp-Image-2025-09-29-at-4.29.55-PM-300x135.jpeg\" width=\"300\" height=\"135\" alt=\"\" class=\"wp-image-1587 alignright size-medium\" style=\"float: left;\" \/><\/td>\n<td style=\"width: 33.3333%; height: 0px;\"><img loading=\"lazy\" decoding=\"async\" src=\"https:\/\/inpesca.campeche.gob.mx\/wp-content\/uploads\/2025\/09\/WhatsApp-Image-2025-09-29-at-4.27.19-PM-300x169.jpeg\" width=\"300\" height=\"169\" alt=\"\" class=\"wp-image-1586 alignright size-medium\" style=\"float: left;\" \/><\/td>\n<td style=\"width: 33.3333%; height: 0px;\"><img loading=\"lazy\" decoding=\"async\" src=\"https:\/\/inpesca.campeche.gob.mx\/wp-content\/uploads\/2025\/09\/WhatsApp-Image-2025-09-29-at-4.27.00-PM-300x225.jpeg\" width=\"300\" height=\"225\" alt=\"\" class=\"wp-image-1585 alignright size-medium\" style=\"float: left;\" \/><\/td>\n<\/tr>\n<\/tbody>\n<\/table>\n<\/td>\n<\/tr>\n<\/tbody>\n<\/table>\n<p>&nbsp;<\/p>\n<p>[\/et_pb_tab][\/et_pb_tabs][et_pb_tabs _builder_version=\u00bb4.27.4&#8243; _module_preset=\u00bbdefault\u00bb body_text_align=\u00bbleft\u00bb global_colors_info=\u00bb{}\u00bb][et_pb_tab title=\u00bbEJERCICIO 2024&#8243; _builder_version=\u00bb4.27.4&#8243; _module_preset=\u00bbdefault\u00bb global_colors_info=\u00bb{}\u00bb]<\/p>\n<p><strong>COMITE DE \u00c9TICA DEL INPESCA 2024<\/strong><\/p>\n<ol>\n<li><a href=\"https:\/\/inpesca.campeche.gob.mx\/wp-content\/uploads\/2025\/05\/1.-Acta-Primera-Sesion-Ordinaria-del-Comite-de-Etica-INPESCA-2024.pdf\" target=\"_blank\" rel=\"noopener\">Acta de Instalaci\u00f3n del Comit\u00e9 de \u00c9tica del INPESCA-2024<\/a><\/li>\n<\/ol>\n<p>1.2. <a href=\"https:\/\/inpesca.campeche.gob.mx\/wp-content\/uploads\/2025\/05\/1.2.-Calendario-Anual-de-Sesiones-del-Comite-de-Etica-INPESCA-2024.pdf\" target=\"_blank\" rel=\"noopener\">Calendario Anual de Sesiones del Comit\u00e9 \u00c9tica INPESCA-2024<\/a><\/p>\n<p>1.3. <a href=\"https:\/\/inpesca.campeche.gob.mx\/wp-content\/uploads\/2025\/05\/1.3.-Programa-Anual-de-Trabajo-del-Comite-de-Etica-INPESCA-2024.pdf\" target=\"_blank\" rel=\"noopener\">Programa Anual de Trabajo del Comit\u00e9 de \u00c9tica del INPESCA 2024<\/a><\/p>\n<p>1.4. <a href=\"https:\/\/inpesca.campeche.gob.mx\/wp-content\/uploads\/2025\/05\/1.4.-Indicadores-de-Cumplimiento-del-Codigo-de-Etica-y-de-Conducta-del-CE-INPESCA-2024.pdf\" target=\"_blank\" rel=\"noopener\">Indicadores de Cumplimiento del C\u00f3digo de \u00c9tica y del Conducta del CE-INPESCA 2024<\/a><\/p>\n<p>1.5. <a href=\"https:\/\/inpesca.campeche.gob.mx\/wp-content\/uploads\/2025\/05\/1.5.-Ratificacion-de-las-Bases-de-Integracion-Y-Funcionamiento-del-CE-INPESCA-2024.pdf\" target=\"_blank\" rel=\"noopener\">Ratificaci\u00f3n de las Bases de Integraci\u00f3n y Funcionamiento del CE-INPESCA 2024<\/a><\/p>\n<p>1.6. <a href=\"https:\/\/inpesca.campeche.gob.mx\/wp-content\/uploads\/2025\/05\/1.6.-Ratificacion-del-Formato-del-Primer-Contacto-para-la-Presentacion-de-Denuncias-en-Casos.pdf\" target=\"_blank\" rel=\"noopener\">Ratificaci\u00f3n del Formato del Primer Contacto para la Presentaci\u00f3n Denuncias en casos de Hostigamiento y Acoso Sexual<\/a><\/p>\n<p>1.7. <a href=\"https:\/\/inpesca.campeche.gob.mx\/wp-content\/uploads\/2025\/05\/1.7.-Organigrama-Comite-Etica-del-INPESCA-2024.pdf\" target=\"_blank\" rel=\"noopener\">Organigrama Comit\u00e9 \u00c9tica del INPESCA-2024<\/a><\/p>\n<p>1.8. <a href=\"https:\/\/inpesca.campeche.gob.mx\/wp-content\/uploads\/2025\/05\/1.8.-Directorio-del-Comite-de-Etica-del-INPESCA-2024.pdf\" target=\"_blank\" rel=\"noopener\">Directorio del Comit\u00e9 de \u00c9tica del INPESCA-2024<\/a><\/p>\n<ol start=\"2\">\n<li><a href=\"https:\/\/inpesca.campeche.gob.mx\/wp-content\/uploads\/2025\/05\/2.-Acta-de-la-Segunda-Sesion-Ordinaria-del-Comite-de-Etica-del-INPESCA-2024.pdf\" target=\"_blank\" rel=\"noopener\">Acta de la Segunda Sesi\u00f3n Ordinaria del Comit\u00e9 de \u00c9tica del INPESCA 2024<\/a><\/li>\n<\/ol>\n<p>2.1. <a href=\"https:\/\/inpesca.campeche.gob.mx\/wp-content\/uploads\/2025\/05\/2.1.-Actualizacion-Procedimiento-para-Presentar-Denuncias-2024.pdf\" target=\"_blank\" rel=\"noopener\">Actualizaci\u00f3n Procedimiento para Presentar Denuncias 2024<\/a><\/p>\n<p>2.2. <a href=\"https:\/\/inpesca.campeche.gob.mx\/wp-content\/uploads\/2025\/05\/2.2.-Actualizacion-de-Protocolo-de-Atencion-a-Denuncias-2024_0001.pdf\" target=\"_blank\" rel=\"noopener\">Actualizaci\u00f3n de Protocolo de Atenci\u00f3n a Denuncias 2024<\/a><\/p>\n<p>2.3 <a href=\"https:\/\/inpesca.campeche.gob.mx\/wp-content\/uploads\/2025\/05\/2.3.-Acuerdos-de-Confidencialidad-2024.pdf\" target=\"_blank\" rel=\"noopener\">Acuerdos de Confidencialidad 2024<\/a><\/p>\n<p>3. <a href=\"https:\/\/inpesca.campeche.gob.mx\/wp-content\/uploads\/2025\/05\/3.-Acta-de-la-Tercera-Sesion-Ordinaria-del-Comite-de-Etica-del-INPESCA-2024.pdf\" target=\"_blank\" rel=\"noopener\">Acta de la Tercera Sesi\u00f3n Ordinaria del Comit\u00e9 de \u00c9tica del INPESCA-2024<\/a><\/p>\n<p>3.1. <a href=\"https:\/\/inpesca.campeche.gob.mx\/wp-content\/uploads\/2025\/05\/3.1.-Actualizacion-del-Codigo-de-Conducta-del-INPESCA-2024.pdf\" target=\"_blank\" rel=\"noopener\">Actualizacion del C\u00f3digo de Conducta del INPESCA-2024<\/a><\/p>\n<p>3.2. <a href=\"https:\/\/inpesca.campeche.gob.mx\/wp-content\/uploads\/2025\/05\/3.2.-Carta-Compromiso-de-los-Integrantes-del-Comite-de-Etica-INPESCA-2024.pdf\" target=\"_blank\" rel=\"noopener\">Carta Compromiso de los Integrantes del Comit\u00e9 de \u00c9tica INPESCA-2024<\/a><\/p>\n<p>4. <a href=\"https:\/\/inpesca.campeche.gob.mx\/wp-content\/uploads\/2025\/05\/4.-Acta-de-la-Cuarta-Sesion-Ordinaria-del-Comite-de-Etica-del-INPESCA-2024.pdf\" target=\"_blank\" rel=\"noopener\">Acta de la Cuarta Sesion Ordinaria del Comit\u00e9 de \u00c9tica del INPESCA 2024<\/a><\/p>\n<p>4.1 4.1 <a href=\"https:\/\/inpesca.campeche.gob.mx\/wp-content\/uploads\/2025\/05\/4.1-Informe-del-Sondeo-de-Percepcion-del-Cumplimiento-del-Codigo-de-Etica-de-la-Administracion-Publica-del-Estado-de-Campeche.pdf\" target=\"_blank\" rel=\"noopener\">Informe del Sondeo de Percepci\u00f3n del Cumplimiento del C\u00f3digo de \u00c9tica de la Administraci\u00f3n P\u00fablica del Estado de Campeche<\/a><\/p>\n<p>4.2. <a href=\"https:\/\/inpesca.campeche.gob.mx\/wp-content\/uploads\/2025\/05\/4.2.-Informe-Anual-de-Actividades-del-CE-INPESCA-2024.pdf\" target=\"_blank\" rel=\"noopener\">Informe Anual de Actividades del CE-INPESCA 2024<\/a><\/p>\n<p>&nbsp;<\/p>\n<p><strong>Informes Trimestrales del Avance del Cumplimiento de Metas y Actividades del PAT 2024 del CE-INPESCA.<\/strong><\/p>\n<ul>\n<li><a href=\"https:\/\/inpesca.campeche.gob.mx\/wp-content\/uploads\/2025\/05\/Primer-Informe-Trimestral-del-Avance-del-Cumplimiento-de-Metas-y-Actividades-del-PAT-2024-del-CE-INPESCA.pdf\" target=\"_blank\" rel=\"noopener\">Primer Informe Trimestral del Avance del Cumplimiento de Metas y Actividades del PAT 2024 DEL CE-INPESCA<\/a><\/li>\n<li><a href=\"https:\/\/inpesca.campeche.gob.mx\/wp-content\/uploads\/2025\/05\/Segundo-Informe-Trimestral-de-Avance-del-Cumplimiento-Metas-y-Actividades-del-PAT-del-CE-INPESCA.pdf\" target=\"_blank\" rel=\"noopener\">Segundo Informe Trimestral de Avance del Cumplimiento Metas y Actividades del PAT del CE-INPESCA 2024<\/a><\/li>\n<li><a href=\"https:\/\/inpesca.campeche.gob.mx\/wp-content\/uploads\/2025\/05\/Tercer-Informe-Trimestral-del-Avance-de-Cumplimiento-de-Metas-y-Actividades-PAT-2024-del-CE-INPESCA.pdf\" target=\"_blank\" rel=\"noopener\">Tercer Informe Trimestral de Avance del Cumplimiento Metas y Actividades del PAT del CE-INPESCA 2024<\/a><\/li>\n<li><a href=\"https:\/\/inpesca.campeche.gob.mx\/wp-content\/uploads\/2025\/05\/Cuarto-Informe-de-Avances-de-Cumplimiento-de-Metas-y-Actividades-de-PAT-2024-CE-INPESCA-2024.pdf\" target=\"_blank\" rel=\"noopener\">Cuarto Informe Trimestral de Avance del Cumplimiento Metas y Actividades del PAT del CE-INPESCA 2024<\/a><\/li>\n<\/ul>\n<p><strong>Informes Trimestrales de Denuncias del CE -INPESCA 2024<\/strong><\/p>\n<ul>\n<li><a href=\"https:\/\/inpesca.campeche.gob.mx\/wp-content\/uploads\/2025\/05\/Primer-Informe-Trimestral-de-Denuncias-del-CE-INPESCA-2024.pdf\" target=\"_blank\" rel=\"noopener\">Primer Informe Trimestral de Denuncias del CE-INPESCA 2024<\/a><\/li>\n<li><a href=\"https:\/\/inpesca.campeche.gob.mx\/wp-content\/uploads\/2025\/05\/Segundo-Informe-Trimestral-de-Denuncias-del-CE-INPESCA-2024.pdf\" target=\"_blank\" rel=\"noopener\">Segundo Informe Trimestral de Denuncias del CE-INPESCA 2024<\/a><\/li>\n<li><a href=\"https:\/\/inpesca.campeche.gob.mx\/wp-content\/uploads\/2025\/05\/Tercer-Informe-Trimestral-de-Denuncias-del-CE-INPESCA-2024.pdf\" target=\"_blank\" rel=\"noopener\">Tercer Informe Trimestral de Denuncias del CE-INPESCA 2024<\/a><\/li>\n<li><a href=\"https:\/\/inpesca.campeche.gob.mx\/wp-content\/uploads\/2025\/05\/Cuarto-Informe-Trimestral-de-Denuncias-Presentadas-ante-el-CE-INPESCA-2024.pdf\" target=\"_blank\" rel=\"noopener\">Cuarto Informe Trimestral de Denuncias del CE-INPESCA 2024<\/a><\/li>\n<\/ul>\n<p>[\/et_pb_tab][et_pb_tab title=\u00bbGALER\u00cdA\u00bb _builder_version=\u00bb4.27.4&#8243; _module_preset=\u00bbdefault\u00bb global_colors_info=\u00bb{}\u00bb]<\/p>\n<p><img loading=\"lazy\" decoding=\"async\" src=\"https:\/\/inpesca.campeche.gob.mx\/wp-content\/uploads\/2025\/05\/comite124-300x157.jpg\" width=\"318\" height=\"166\" alt=\"\" class=\"wp-image-693 alignright size-medium\" style=\"display: block; margin-left: auto; margin-right: auto;\" \/> <img loading=\"lazy\" decoding=\"async\" src=\"https:\/\/inpesca.campeche.gob.mx\/wp-content\/uploads\/2025\/05\/commite224-300x169.jpg\" width=\"300\" height=\"169\" alt=\"\" class=\"wp-image-694 alignright size-medium\" style=\"display: block; margin-left: auto; margin-right: auto;\" \/><\/p>\n<p>[\/et_pb_tab][\/et_pb_tabs][\/et_pb_column][\/et_pb_row][et_pb_row _builder_version=\u00bb4.27.4&#8243; _module_preset=\u00bbdefault\u00bb global_colors_info=\u00bb{}\u00bb][et_pb_column type=\u00bb4_4&#8243; _builder_version=\u00bb4.27.4&#8243; _module_preset=\u00bbdefault\u00bb global_colors_info=\u00bb{}\u00bb][et_pb_button button_url=\u00bbhttps:\/\/inpesca.campeche.gob.mx\/wp-content\/uploads\/2025\/09\/FORMATO-PARA-PRESENTAR-DENUNCIAS.pdf\u00bb url_new_window=\u00bbon\u00bb button_text=\u00bbFORMATO PARA PRESENTACI\u00d3N DE DENUNCIAS\u00bb _builder_version=\u00bb4.27.4&#8243; _module_preset=\u00bbdefault\u00bb global_colors_info=\u00bb{}\u00bb][\/et_pb_button][\/et_pb_column][\/et_pb_row][\/et_pb_section]<\/p>\n","protected":false},"excerpt":{"rendered":"<p>COMIT\u00c9 DE \u00c9TICA Instituto de Pesca y Acuacultura del Estado de Campeche Acuerdo de la secretar\u00eda de la contralor\u00eda de la administraci\u00f3n p\u00fablica del estado de Campeche por el que se emite el c\u00f3digo de \u00e9tica de la administraci\u00f3n p\u00fablica del estado de Campeche. Acuerdo de la junta de gobierno de instituto de pesca y [&hellip;]<\/p>\n","protected":false},"author":2,"featured_media":0,"parent":0,"menu_order":0,"comment_status":"closed","ping_status":"closed","template":"","meta":{"_acf_changed":false,"_et_pb_use_builder":"on","_et_pb_old_content":"","_et_gb_content_width":"","footnotes":""},"class_list":["post-175","page","type-page","status-publish","hentry"],"acf":[],"_links":{"self":[{"href":"https:\/\/inpesca.campeche.gob.mx\/index.php?rest_route=\/wp\/v2\/pages\/175","targetHints":{"allow":["GET"]}}],"collection":[{"href":"https:\/\/inpesca.campeche.gob.mx\/index.php?rest_route=\/wp\/v2\/pages"}],"about":[{"href":"https:\/\/inpesca.campeche.gob.mx\/index.php?rest_route=\/wp\/v2\/types\/page"}],"author":[{"embeddable":true,"href":"https:\/\/inpesca.campeche.gob.mx\/index.php?rest_route=\/wp\/v2\/users\/2"}],"replies":[{"embeddable":true,"href":"https:\/\/inpesca.campeche.gob.mx\/index.php?rest_route=%2Fwp%2Fv2%2Fcomments&post=175"}],"version-history":[{"count":37,"href":"https:\/\/inpesca.campeche.gob.mx\/index.php?rest_route=\/wp\/v2\/pages\/175\/revisions"}],"predecessor-version":[{"id":1653,"href":"https:\/\/inpesca.campeche.gob.mx\/index.php?rest_route=\/wp\/v2\/pages\/175\/revisions\/1653"}],"wp:attachment":[{"href":"https:\/\/inpesca.campeche.gob.mx\/index.php?rest_route=%2Fwp%2Fv2%2Fmedia&parent=175"}],"curies":[{"name":"wp","href":"https:\/\/api.w.org\/{rel}","templated":true}]}}