{"id":184,"date":"2025-03-21T20:45:02","date_gmt":"2025-03-21T20:45:02","guid":{"rendered":"https:\/\/inpesca.campeche.gob.mx\/?page_id=184"},"modified":"2025-05-08T06:23:44","modified_gmt":"2025-05-08T06:23:44","slug":"unidad-de-igualdad-suntantiva","status":"publish","type":"page","link":"https:\/\/inpesca.campeche.gob.mx\/?page_id=184","title":{"rendered":"UNIDAD DE IGUALDAD SUNTANTIVA"},"content":{"rendered":"<p>[et_pb_section fb_built=\u00bb1&#8243; _builder_version=\u00bb4.27.4&#8243; _module_preset=\u00bbdefault\u00bb custom_padding=\u00bb4px||1px|||\u00bb global_colors_info=\u00bb{}\u00bb][et_pb_row _builder_version=\u00bb4.27.4&#8243; _module_preset=\u00bbdefault\u00bb hover_enabled=\u00bb0&#8243; global_colors_info=\u00bb{}\u00bb background_enable_image=\u00bboff\u00bb sticky_enabled=\u00bb0&#8243;][et_pb_column type=\u00bb4_4&#8243; _builder_version=\u00bb4.27.4&#8243; _module_preset=\u00bbdefault\u00bb global_colors_info=\u00bb{}\u00bb][et_pb_text _builder_version=\u00bb4.27.4&#8243; _module_preset=\u00bbdefault\u00bb hover_enabled=\u00bb0&#8243; global_colors_info=\u00bb{}\u00bb sticky_enabled=\u00bb0&#8243;]<\/p>\n<h1 style=\"text-align: left;\"><span style=\"color: #808080;\">UNIDAD DE IGUALDAD SUSTANTIVA<\/span><\/h1>\n<p style=\"text-align: left;\"><span style=\"color: #808080;\">Instituto de Pesca y Acuacultura del Estado de Campeche<\/span><\/p>\n<p>[\/et_pb_text][\/et_pb_column][\/et_pb_row][\/et_pb_section][et_pb_section fb_built=\u00bb1&#8243; _builder_version=\u00bb4.27.4&#8243; _module_preset=\u00bbdefault\u00bb global_colors_info=\u00bb{}\u00bb custom_padding=\u00bb8px|||||\u00bb][et_pb_row _builder_version=\u00bb4.27.4&#8243; _module_preset=\u00bbdefault\u00bb global_colors_info=\u00bb{}\u00bb custom_padding=\u00bb9px|||||\u00bb][et_pb_column type=\u00bb4_4&#8243; _builder_version=\u00bb4.27.4&#8243; _module_preset=\u00bbdefault\u00bb global_colors_info=\u00bb{}\u00bb][et_pb_text _builder_version=\u00bb4.27.4&#8243; _module_preset=\u00bbdefault\u00bb global_colors_info=\u00bb{}\u00bb]<\/p>\n<p>De acuerdo al reglamento interior de la Secretar\u00eda de Medio Ambiente, Biodiversidad, Cambio Clim\u00e1tico y Energ\u00eda publicado el d\u00eda 25 de marzo de 2022, en su art\u00edculo 26, la Unidad de Igualdad Sustantiva tendr\u00e1 las siguientes atribuciones espec\u00edficas:<br \/>I. Contribuir al cumplimiento de la normativa vigente en materia de igualdad entre mujeres y hombres en todo quehacer institucional;<\/p>\n<p>II. Fortalecer la igualdad entre mujeres y hombres, la no discriminaci\u00f3n y la inclusi\u00f3n en la Secretar\u00eda;<\/p>\n<p>III. Consolidar una cultura laboral y organizacional de igualdad de oportunidades, sin violencia y libre de discriminaci\u00f3n al interior de la Secretar\u00eda;<\/p>\n<p>IV. Planificar, verificar y dar seguimiento a la introducci\u00f3n de la perspectiva y transversalidad de g\u00e9nero en la planeaci\u00f3n, programaci\u00f3n, ejecuci\u00f3n y evaluaci\u00f3n de programas, proyectos, acciones y pol\u00edticas p\u00fablicas al interior de la Secretar\u00eda;<\/p>\n<p>V. Organizar y coordinar la capacitaci\u00f3n, formaci\u00f3n y, en su caso, certificaci\u00f3n del personal en materia de g\u00e9nero, transversalidad e igualdad sustantiva entre mujeres y hombres;<\/p>\n<p>VI. Asegurar que la prestaci\u00f3n de atenci\u00f3n y servicios a la poblaci\u00f3n se lleve a cabo con perspectiva de g\u00e9nero, sin violencia y sin discriminaci\u00f3n;<\/p>\n<p>VII. Proponer cambios a la normatividad interna y a las estructuras organizacionales que aseguren la incorporaci\u00f3n de la perspectiva y transversalidad de g\u00e9nero entre mujeres y hombres;<\/p>\n<p>VIII. Difundir informaci\u00f3n referente al proceso y resultados de la incorporaci\u00f3n de la perspectiva y transversalidad de g\u00e9nero en la cultura organizacional y en las pol\u00edticas p\u00fablicas de la Secretar\u00eda;<\/p>\n<p>IX. Dise\u00f1ar un Programa Anual de Trabajo que contemple una agenda institucional para incorporar la perspectiva de g\u00e9nero;<\/p>\n<p>X. Participar en los procesos de planeaci\u00f3n, programaci\u00f3n y presupuesto de la Secretar\u00eda, con el prop\u00f3sito de proponer las medidas que permitan la incorporaci\u00f3n de la perspectiva de g\u00e9nero;<\/p>\n<p>XI. Planear, ejecutar y evaluar acciones enfocadas a disminuir las brechas de desigualdad entre mujeres y hombres en la Secretar\u00eda;<\/p>\n<p>XII. Coordinarse con la Secretar\u00eda de Inclusi\u00f3n del Poder Ejecutivo Estatal para la implementaci\u00f3n de acciones, planes y programas que incidan en la calidad de vida de las personas integrantes de los grupos en situaci\u00f3n de vulnerabilidad; y<\/p>\n<p>XIII. Las dem\u00e1s que le confieran expresamente las disposiciones legales y reglamentarias aplicables, as\u00ed como las que le confieran la Gobernadora o el Gobernador del Estado y la o el titular de la Secretar\u00eda.<\/p>\n<p>[\/et_pb_text][\/et_pb_column][\/et_pb_row][\/et_pb_section]<\/p>\n","protected":false},"excerpt":{"rendered":"<p>UNIDAD DE IGUALDAD SUSTANTIVA Instituto de Pesca y Acuacultura del Estado de CampecheDe acuerdo al reglamento interior de la Secretar\u00eda de Medio Ambiente, Biodiversidad, Cambio Clim\u00e1tico y Energ\u00eda publicado el d\u00eda 25 de marzo de 2022, en su art\u00edculo 26, la Unidad de Igualdad Sustantiva tendr\u00e1 las siguientes atribuciones espec\u00edficas:I. Contribuir al cumplimiento de la [&hellip;]<\/p>\n","protected":false},"author":2,"featured_media":0,"parent":0,"menu_order":0,"comment_status":"closed","ping_status":"closed","template":"","meta":{"_acf_changed":false,"_et_pb_use_builder":"on","_et_pb_old_content":"","_et_gb_content_width":"","footnotes":""},"class_list":["post-184","page","type-page","status-publish","hentry"],"acf":[],"_links":{"self":[{"href":"https:\/\/inpesca.campeche.gob.mx\/index.php?rest_route=\/wp\/v2\/pages\/184","targetHints":{"allow":["GET"]}}],"collection":[{"href":"https:\/\/inpesca.campeche.gob.mx\/index.php?rest_route=\/wp\/v2\/pages"}],"about":[{"href":"https:\/\/inpesca.campeche.gob.mx\/index.php?rest_route=\/wp\/v2\/types\/page"}],"author":[{"embeddable":true,"href":"https:\/\/inpesca.campeche.gob.mx\/index.php?rest_route=\/wp\/v2\/users\/2"}],"replies":[{"embeddable":true,"href":"https:\/\/inpesca.campeche.gob.mx\/index.php?rest_route=%2Fwp%2Fv2%2Fcomments&post=184"}],"version-history":[{"count":4,"href":"https:\/\/inpesca.campeche.gob.mx\/index.php?rest_route=\/wp\/v2\/pages\/184\/revisions"}],"predecessor-version":[{"id":639,"href":"https:\/\/inpesca.campeche.gob.mx\/index.php?rest_route=\/wp\/v2\/pages\/184\/revisions\/639"}],"wp:attachment":[{"href":"https:\/\/inpesca.campeche.gob.mx\/index.php?rest_route=%2Fwp%2Fv2%2Fmedia&parent=184"}],"curies":[{"name":"wp","href":"https:\/\/api.w.org\/{rel}","templated":true}]}}