{"id":188,"date":"2025-03-21T20:58:10","date_gmt":"2025-03-21T20:58:10","guid":{"rendered":"https:\/\/inpesca.campeche.gob.mx\/?page_id=188"},"modified":"2025-05-08T06:22:40","modified_gmt":"2025-05-08T06:22:40","slug":"cepa","status":"publish","type":"page","link":"https:\/\/inpesca.campeche.gob.mx\/?page_id=188","title":{"rendered":"CEPA"},"content":{"rendered":"<p>[et_pb_section fb_built=\u00bb1&#8243; _builder_version=\u00bb4.27.4&#8243; _module_preset=\u00bbdefault\u00bb custom_padding=\u00bb6px||1px|||\u00bb global_colors_info=\u00bb{}\u00bb][et_pb_row _builder_version=\u00bb4.27.4&#8243; _module_preset=\u00bbdefault\u00bb hover_enabled=\u00bb0&#8243; global_colors_info=\u00bb{}\u00bb background_enable_image=\u00bboff\u00bb sticky_enabled=\u00bb0&#8243;][et_pb_column type=\u00bb4_4&#8243; _builder_version=\u00bb4.27.4&#8243; _module_preset=\u00bbdefault\u00bb global_colors_info=\u00bb{}\u00bb][et_pb_text _builder_version=\u00bb4.27.4&#8243; _module_preset=\u00bbdefault\u00bb hover_enabled=\u00bb0&#8243; global_colors_info=\u00bb{}\u00bb sticky_enabled=\u00bb0&#8243;]<\/p>\n<h1><span style=\"color: #808080;\">CONSEJO ESTATAL DE PESCA Y ACUACULTURA<\/span><\/h1>\n<p style=\"text-align: left;\"><span style=\"color: #808080;\">Instituto de Pesca y Acuacultura del Estado de Campeche<\/span><\/p>\n<p>[\/et_pb_text][\/et_pb_column][\/et_pb_row][\/et_pb_section][et_pb_section fb_built=\u00bb1&#8243; _builder_version=\u00bb4.27.4&#8243; _module_preset=\u00bbdefault\u00bb global_colors_info=\u00bb{}\u00bb custom_padding=\u00bb22px|||||\u00bb][et_pb_row _builder_version=\u00bb4.27.4&#8243; _module_preset=\u00bbdefault\u00bb global_colors_info=\u00bb{}\u00bb custom_padding=\u00bb10px|||||\u00bb][et_pb_column type=\u00bb4_4&#8243; _builder_version=\u00bb4.27.4&#8243; _module_preset=\u00bbdefault\u00bb global_colors_info=\u00bb{}\u00bb][et_pb_text _builder_version=\u00bb4.27.4&#8243; _module_preset=\u00bbdefault\u00bb global_colors_info=\u00bb{}\u00bb]<\/p>\n<p><span>El Consejo Estatal de Pesca y Acuacultura tendr\u00e1 las siguientes funciones:\u00a0<\/span><b>Proponer diagn\u00f3sticos sobre el estado y comportamiento de cada una de las pesquer\u00edas de la Entidad;<\/b><span>\u00a0<\/span><b>Promover la elaboraci\u00f3n y actualizaci\u00f3n del Registro de Pesca y Acuacultura<\/b><span>, que efectuar\u00e1 el Instituto.<\/span><\/p>\n<p>[\/et_pb_text][\/et_pb_column][\/et_pb_row][\/et_pb_section]<\/p>\n","protected":false},"excerpt":{"rendered":"<p>CONSEJO ESTATAL DE PESCA Y ACUACULTURA Instituto de Pesca y Acuacultura del Estado de CampecheEl Consejo Estatal de Pesca y Acuacultura tendr\u00e1 las siguientes funciones:\u00a0Proponer diagn\u00f3sticos sobre el estado y comportamiento de cada una de las pesquer\u00edas de la Entidad;\u00a0Promover la elaboraci\u00f3n y actualizaci\u00f3n del Registro de Pesca y Acuacultura, que efectuar\u00e1 el Instituto.<\/p>\n","protected":false},"author":2,"featured_media":0,"parent":0,"menu_order":0,"comment_status":"closed","ping_status":"closed","template":"","meta":{"_acf_changed":false,"_et_pb_use_builder":"on","_et_pb_old_content":"","_et_gb_content_width":"","footnotes":""},"class_list":["post-188","page","type-page","status-publish","hentry"],"acf":[],"_links":{"self":[{"href":"https:\/\/inpesca.campeche.gob.mx\/index.php?rest_route=\/wp\/v2\/pages\/188","targetHints":{"allow":["GET"]}}],"collection":[{"href":"https:\/\/inpesca.campeche.gob.mx\/index.php?rest_route=\/wp\/v2\/pages"}],"about":[{"href":"https:\/\/inpesca.campeche.gob.mx\/index.php?rest_route=\/wp\/v2\/types\/page"}],"author":[{"embeddable":true,"href":"https:\/\/inpesca.campeche.gob.mx\/index.php?rest_route=\/wp\/v2\/users\/2"}],"replies":[{"embeddable":true,"href":"https:\/\/inpesca.campeche.gob.mx\/index.php?rest_route=%2Fwp%2Fv2%2Fcomments&post=188"}],"version-history":[{"count":5,"href":"https:\/\/inpesca.campeche.gob.mx\/index.php?rest_route=\/wp\/v2\/pages\/188\/revisions"}],"predecessor-version":[{"id":638,"href":"https:\/\/inpesca.campeche.gob.mx\/index.php?rest_route=\/wp\/v2\/pages\/188\/revisions\/638"}],"wp:attachment":[{"href":"https:\/\/inpesca.campeche.gob.mx\/index.php?rest_route=%2Fwp%2Fv2%2Fmedia&parent=188"}],"curies":[{"name":"wp","href":"https:\/\/api.w.org\/{rel}","templated":true}]}}