{"id":337,"date":"2025-04-11T19:42:25","date_gmt":"2025-04-11T19:42:25","guid":{"rendered":"https:\/\/inpesca.campeche.gob.mx\/?page_id=337"},"modified":"2026-03-10T15:45:48","modified_gmt":"2026-03-10T15:45:48","slug":"marco-juridico","status":"publish","type":"page","link":"https:\/\/inpesca.campeche.gob.mx\/?page_id=337","title":{"rendered":"MARCO JUR\u00cdDICO"},"content":{"rendered":"<p>[et_pb_section fb_built=\u00bb1&#8243; _builder_version=\u00bb4.27.4&#8243; _module_preset=\u00bbdefault\u00bb custom_padding=\u00bb0px||5px|||\u00bb global_colors_info=\u00bb{}\u00bb][et_pb_row _builder_version=\u00bb4.27.4&#8243; _module_preset=\u00bbdefault\u00bb background_enable_image=\u00bboff\u00bb global_colors_info=\u00bb{}\u00bb][et_pb_column type=\u00bb4_4&#8243; _builder_version=\u00bb4.27.4&#8243; _module_preset=\u00bbdefault\u00bb global_colors_info=\u00bb{}\u00bb][et_pb_text _builder_version=\u00bb4.27.4&#8243; _module_preset=\u00bbdefault\u00bb custom_padding=\u00bb|||29px||\u00bb global_colors_info=\u00bb{}\u00bb]<\/p>\n<h1 style=\"text-align: left;\"><span style=\"color: #808080;\">MARCO JUR\u00cdDICO<\/span><\/h1>\n<p style=\"text-align: left;\"><span style=\"color: #808080;\">Instituto de Pesca y Acuacultura del Estado de Campeche<\/span><\/p>\n<p>[\/et_pb_text][\/et_pb_column][\/et_pb_row][\/et_pb_section][et_pb_section fb_built=\u00bb1&#8243; _builder_version=\u00bb4.27.4&#8243; _module_preset=\u00bbdefault\u00bb custom_padding=\u00bb2px||0px|||\u00bb global_colors_info=\u00bb{}\u00bb][et_pb_row _builder_version=\u00bb4.27.4&#8243; _module_preset=\u00bbdefault\u00bb custom_padding=\u00bb13px||0px|||\u00bb global_colors_info=\u00bb{}\u00bb][et_pb_column type=\u00bb4_4&#8243; _builder_version=\u00bb4.27.4&#8243; _module_preset=\u00bbdefault\u00bb global_colors_info=\u00bb{}\u00bb][et_pb_text _builder_version=\u00bb4.27.4&#8243; _module_preset=\u00bbdefault\u00bb custom_padding=\u00bb||44px|||\u00bb hover_enabled=\u00bb0&#8243; global_colors_info=\u00bb{}\u00bb sticky_enabled=\u00bb0&#8243;]<\/p>\n<table border=\"1\" style=\"border-collapse: collapse; width: 100%; height: 146px;\">\n<tbody>\n<tr style=\"height: 73px;\">\n<td style=\"width: 10%; height: 73px;\"><a href=\"https:\/\/inpesca.campeche.gob.mx\/wp-content\/uploads\/2026\/03\/Reglas-de-Operacion.pdf\" target=\"_blank\" rel=\"noopener\"><img loading=\"lazy\" decoding=\"async\" src=\"https:\/\/inpesca.campeche.gob.mx\/wp-content\/uploads\/2025\/03\/pdf_icon-150x150.png\" width=\"57\" height=\"57\" alt=\"\" class=\"wp-image-263 alignright size-thumbnail\" \/><\/a><\/td>\n<td style=\"width: 90%; height: 73px;\">ACUERDO POR EL CUAL SE EMITEN LAS REGLAS DE OPERACI\u00d3N DEL PROGRAMA DE RESCATE DEL CAMPO Y VISION DEL MAR DEL INSTITUTO DE PESCA Y ACUACULTURA DEL ESTADO DE CAMPECHE PARA EL EJERCICIO FISCAL 2026<\/td>\n<\/tr>\n<tr style=\"height: 73px;\">\n<td style=\"width: 10%; height: 73px;\"><a href=\"https:\/\/inpesca.campeche.gob.mx\/wp-content\/uploads\/2025\/10\/Manual-903445.pdf\" target=\"_blank\" rel=\"noopener\"><img loading=\"lazy\" decoding=\"async\" src=\"https:\/\/inpesca.campeche.gob.mx\/wp-content\/uploads\/2025\/03\/pdf_icon-150x150.png\" width=\"57\" height=\"57\" alt=\"\" class=\"wp-image-263 alignright size-thumbnail\" \/><\/a><\/td>\n<td style=\"width: 90%; height: 73px;\">MANUAL PARA LA INTEGRACI\u00d3N Y FUNCIONAMIENTO DEL COMIT\u00c9 DE ADQUISICIONES, ARRENDAMIENTOS Y PRESTACI\u00d3N DE SERVICIOS DEL INSTITUTO DE PESCA Y ACUACULTURA DEL ESTADO DE CAMPECHE<\/td>\n<\/tr>\n<tr style=\"height: 73px;\">\n<td style=\"width: 10%; height: 73px;\"><a href=\"https:\/\/inpesca.campeche.gob.mx\/wp-content\/uploads\/2025\/10\/ACUERDO-DE-REFORMA-R.O.-2025.pdf\" target=\"_blank\" rel=\"noopener\"><img loading=\"lazy\" decoding=\"async\" src=\"https:\/\/inpesca.campeche.gob.mx\/wp-content\/uploads\/2025\/03\/pdf_icon-150x150.png\" width=\"57\" height=\"57\" alt=\"\" class=\"wp-image-263 alignright size-thumbnail\" \/><\/a><\/td>\n<td style=\"width: 90%; height: 73px;\">ACUERDO POR EL QUE SE REFORMA Y ADICIONA DISPOSICIONES A LAS REGLAS DE OPERACI\u00d3N DEL PROGRAMA DE RESCATE DEL CAMPO Y VISION DEL MAR DEL INSTITUTO DE PESCA Y ACUACULTURA DEL ESTADO DE CAMPECHE PARA EL EJERCICIO FISCAL 2025<\/td>\n<\/tr>\n<tr style=\"height: 73px;\">\n<td style=\"width: 10%; height: 73px;\"><a href=\"https:\/\/inpesca.campeche.gob.mx\/wp-content\/uploads\/2025\/05\/0001.pdf\" target=\"_blank\" rel=\"noopener\"><img loading=\"lazy\" decoding=\"async\" src=\"https:\/\/inpesca.campeche.gob.mx\/wp-content\/uploads\/2025\/03\/pdf_icon-150x150.png\" width=\"57\" height=\"57\" alt=\"\" class=\"wp-image-263 alignright size-thumbnail\" \/><\/a><\/td>\n<td style=\"width: 90%; height: 73px;\">REGLAS DE OPERACI\u00d3N DEL PROGRAMA DE RESCATE DEL CAMPO Y VISI\u00d3N DEL MAR DEL INSTITUTO DE PESCA Y ACUACULTURA DEL ESTADO DE CAMPECHE PARA EL EJERCICIO FISCAL 2025<\/td>\n<\/tr>\n<tr>\n<td style=\"width: 10%;\"><a href=\"https:\/\/inpesca.campeche.gob.mx\/wp-content\/uploads\/2025\/05\/0002.pdf\" target=\"_blank\" rel=\"noopener\"><img loading=\"lazy\" decoding=\"async\" src=\"https:\/\/inpesca.campeche.gob.mx\/wp-content\/uploads\/2025\/03\/pdf_icon-150x150.png\" width=\"57\" height=\"57\" alt=\"\" class=\"wp-image-263 alignright size-thumbnail\" \/><\/a><\/td>\n<td style=\"width: 90%;\">ACUERDO POR EL QUE SE EMITEN LAS REGLAS DE OPERACI\u00d3N DEL PROGRAMA DE RESCATE DEL CAMPO Y VISI\u00d3N DEL MAR DEL INSTITUTO DE PESCA Y ACUACULTURA DEL ESTADO DE CAMPECHE PARA EL EJERCICIO FISCAL 2024<\/td>\n<\/tr>\n<tr>\n<td style=\"width: 10%;\"><a href=\"https:\/\/inpesca.campeche.gob.mx\/wp-content\/uploads\/2025\/05\/0003.pdf\" target=\"_blank\" rel=\"noopener\"><img loading=\"lazy\" decoding=\"async\" src=\"https:\/\/inpesca.campeche.gob.mx\/wp-content\/uploads\/2025\/03\/pdf_icon-150x150.png\" width=\"57\" height=\"57\" alt=\"\" class=\"wp-image-263 alignright size-thumbnail\" \/><\/a><\/td>\n<td style=\"width: 90%;\">ACUERDO DE LA JUNTA DE GOBIERNO DEL INSTITUTO DE PESCA Y ACUACULTURA DEL ESTADO DE CAMPECHE POR EL QUE EMITEN LAS REGLAS DE OPERACI\u00d3N DEL PROGRAMA DE RESCATE DEL CAMPO Y VISI\u00d3N DEL MAR DEL INSTITUTO DE PESCA Y ACUACULTURA DEL ESTADO DE CAMPECHE PARA EL EJERCICIO FISCAL 2023<\/td>\n<\/tr>\n<tr style=\"height: 73px;\">\n<td style=\"width: 10%; height: 73px;\"><a href=\"https:\/\/inpesca.campeche.gob.mx\/wp-content\/uploads\/2025\/05\/0004.pdf\" target=\"_blank\" rel=\"noopener\"><img loading=\"lazy\" decoding=\"async\" src=\"https:\/\/inpesca.campeche.gob.mx\/wp-content\/uploads\/2025\/03\/pdf_icon-150x150.png\" width=\"57\" height=\"57\" alt=\"\" class=\"wp-image-263 alignright size-thumbnail\" \/><\/a><\/td>\n<td style=\"width: 90%; height: 73px;\">LEY DE INGRESOS DEL ESTADO DE CAMPECHE PARA EL EJERCICIO FISCAL DE 2025<\/td>\n<\/tr>\n<tr>\n<td style=\"width: 10%;\"><a href=\"https:\/\/inpesca.campeche.gob.mx\/wp-content\/uploads\/2025\/05\/0005.pdf\" target=\"_blank\" rel=\"noopener\"><img loading=\"lazy\" decoding=\"async\" src=\"https:\/\/inpesca.campeche.gob.mx\/wp-content\/uploads\/2025\/03\/pdf_icon-150x150.png\" width=\"57\" height=\"57\" alt=\"\" class=\"wp-image-263 alignright size-thumbnail\" \/><\/a><\/td>\n<td style=\"width: 90%;\">LEY DE PRESUPUESTO DE EGRESOS DEL ESTADO DE CAMPECHE PARA EL EJERCICIO FISCAL DE 2025<\/td>\n<\/tr>\n<tr>\n<td style=\"width: 10%;\"><a href=\"https:\/\/inpesca.campeche.gob.mx\/wp-content\/uploads\/2025\/05\/0006.pdf\" target=\"_blank\" rel=\"noopener\"><img loading=\"lazy\" decoding=\"async\" src=\"https:\/\/inpesca.campeche.gob.mx\/wp-content\/uploads\/2025\/03\/pdf_icon-150x150.png\" width=\"57\" height=\"57\" alt=\"\" class=\"wp-image-263 alignright size-thumbnail\" \/><\/a><\/td>\n<td style=\"width: 90%;\">REGLAMENTO DE LA LEY DE LA ADMINISTRACI\u00d3N P\u00daBLICA PARAESTATAL DEL ESTADO DE CAMPECHE<\/td>\n<\/tr>\n<tr>\n<td style=\"width: 10%;\"><a href=\"https:\/\/inpesca.campeche.gob.mx\/wp-content\/uploads\/2025\/05\/0007.pdf\" target=\"_blank\" rel=\"noopener\"><img loading=\"lazy\" decoding=\"async\" src=\"https:\/\/inpesca.campeche.gob.mx\/wp-content\/uploads\/2025\/03\/pdf_icon-150x150.png\" width=\"57\" height=\"57\" alt=\"\" class=\"wp-image-263 alignright size-thumbnail\" \/><\/a><\/td>\n<td style=\"width: 90%;\">LEY GENERAL DE PESCA Y ACUACULTURA SUSTENTABLES<\/td>\n<\/tr>\n<tr>\n<td style=\"width: 10%;\"><a href=\"https:\/\/inpesca.campeche.gob.mx\/wp-content\/uploads\/2025\/05\/0008.pdf\" target=\"_blank\" rel=\"noopener\"><img loading=\"lazy\" decoding=\"async\" src=\"https:\/\/inpesca.campeche.gob.mx\/wp-content\/uploads\/2025\/03\/pdf_icon-150x150.png\" width=\"57\" height=\"57\" alt=\"\" class=\"wp-image-263 alignright size-thumbnail\" \/><\/a><\/td>\n<td style=\"width: 90%;\">LEY DE PESCA Y ACUACULTURA SUSTENTABLES DEL ESTADO DE CAMPECHE<\/td>\n<\/tr>\n<tr>\n<td style=\"width: 10%;\"><a href=\"https:\/\/inpesca.campeche.gob.mx\/wp-content\/uploads\/2025\/05\/0009.pdf\" target=\"_blank\" rel=\"noopener\"><img loading=\"lazy\" decoding=\"async\" src=\"https:\/\/inpesca.campeche.gob.mx\/wp-content\/uploads\/2025\/03\/pdf_icon-150x150.png\" width=\"57\" height=\"57\" alt=\"\" class=\"wp-image-263 alignright size-thumbnail\" \/><\/a><\/td>\n<td style=\"width: 90%;\">LEY ORG\u00c1NICA DE LA ADMINISTRACI\u00d3N P\u00daBLICA DEL ESTADO DE CAMPECHE<\/td>\n<\/tr>\n<tr>\n<td style=\"width: 10%;\"><a href=\"https:\/\/inpesca.campeche.gob.mx\/wp-content\/uploads\/2025\/05\/00010.pdf\" target=\"_blank\" rel=\"noopener\"><img loading=\"lazy\" decoding=\"async\" src=\"https:\/\/inpesca.campeche.gob.mx\/wp-content\/uploads\/2025\/03\/pdf_icon-150x150.png\" width=\"57\" height=\"57\" alt=\"\" class=\"wp-image-263 alignright size-thumbnail\" \/><\/a><\/td>\n<td style=\"width: 90%;\">LEY DE LA ADMINISTRACI\u00d3N P\u00daBLICA PARAESTATAL DEL ESTADO DE CAMPECHE<\/td>\n<\/tr>\n<tr>\n<td style=\"width: 10%;\"><a href=\"https:\/\/inpesca.campeche.gob.mx\/wp-content\/uploads\/2025\/05\/00011.pdf\" target=\"_blank\" rel=\"noopener\"><img loading=\"lazy\" decoding=\"async\" src=\"https:\/\/inpesca.campeche.gob.mx\/wp-content\/uploads\/2025\/03\/pdf_icon-150x150.png\" width=\"57\" height=\"57\" alt=\"\" class=\"wp-image-263 alignright size-thumbnail\" \/><\/a><\/td>\n<td style=\"width: 90%;\">REGLAMENTO INTERIOR DEL ORGANISMO DESCENTRALIZADO DE LA ADMINISTRACI\u00d3N P\u00daBLICA DENOMINADO \u201cINSTITUTO DE PESCA Y ACUACULTURA DE LA ADMINISTRACI\u00d3N P\u00daBLICA DEL ESTADO DE CAMPECHE\u201d<\/td>\n<\/tr>\n<tr>\n<td style=\"width: 10%;\"><a href=\"https:\/\/inpesca.campeche.gob.mx\/wp-content\/uploads\/2025\/05\/00012.pdf\" target=\"_blank\" rel=\"noopener\"><img loading=\"lazy\" decoding=\"async\" src=\"https:\/\/inpesca.campeche.gob.mx\/wp-content\/uploads\/2025\/03\/pdf_icon-150x150.png\" width=\"57\" height=\"57\" alt=\"\" class=\"wp-image-263 alignright size-thumbnail\" \/><\/a><\/td>\n<td style=\"width: 90%;\">PLAN ESTATAL DE DESARROLLO DEL ESTADO DE CAMPECHE 2024-2027<\/td>\n<\/tr>\n<tr>\n<td style=\"width: 10%;\"><a href=\"https:\/\/inpesca.campeche.gob.mx\/wp-content\/uploads\/2025\/05\/00013.pdf\" target=\"_blank\" rel=\"noopener\"><img loading=\"lazy\" decoding=\"async\" src=\"https:\/\/inpesca.campeche.gob.mx\/wp-content\/uploads\/2025\/03\/pdf_icon-150x150.png\" width=\"57\" height=\"57\" alt=\"\" class=\"wp-image-263 alignright size-thumbnail\" \/><\/a><\/td>\n<td style=\"width: 90%;\">MANUAL DE ORGANIZACI\u00d3N INSTITUTO DE PESCA Y ACUACULTURA DEL ESTADO DE CAMPECHE<\/td>\n<\/tr>\n<tr>\n<td style=\"width: 10%;\"><a href=\"https:\/\/inpesca.campeche.gob.mx\/wp-content\/uploads\/2025\/05\/00014.pdf\" target=\"_blank\" rel=\"noopener\"><img loading=\"lazy\" decoding=\"async\" src=\"https:\/\/inpesca.campeche.gob.mx\/wp-content\/uploads\/2025\/03\/pdf_icon-150x150.png\" width=\"57\" height=\"57\" alt=\"\" class=\"wp-image-263 alignright size-thumbnail\" \/><\/a><\/td>\n<td style=\"width: 90%;\">ACUERDO DE LA JUNTA DE GOBIERNO DEL INSTITUTO DE PESCA Y ACUACULTURA DEL ESTADO DE CAMPECHE POR EL QUE SE EMITEN LOS LINEAMIENTOS B\u00c1SICOS PARA LA IMPLEMENTACI\u00d3N DE LA RED SOCIAL PRODUCTIVA DEL INSTITUTO DE PESCA Y ACUACULTURA DEL ESTADO DE CAMPECHE<\/td>\n<\/tr>\n<tr>\n<td style=\"width: 10%;\"><a href=\"https:\/\/inpesca.campeche.gob.mx\/wp-content\/uploads\/2025\/05\/00015.pdf\" target=\"_blank\" rel=\"noopener\"><img loading=\"lazy\" decoding=\"async\" src=\"https:\/\/inpesca.campeche.gob.mx\/wp-content\/uploads\/2025\/03\/pdf_icon-150x150.png\" width=\"57\" height=\"57\" alt=\"\" class=\"wp-image-263 alignright size-thumbnail\" \/><\/a><\/td>\n<td style=\"width: 90%;\">ACUERDO DE LA JUNTA DE GOBIERNO DEL INSTITUTO DE PESCA Y ACUACULTURA DEL ESTADO DE CAMPECHE POR EL QUE SE EMITEN LOS LINEAMIENTOS DE LOS PROYECTOS DE PARTICIPACI\u00d3N DE LAS Y LOS PRODUCTORES CON INICIATIVA ACU\u00cdCOLA DEL INSTITUTO DE PESCA Y ACUACULTURA DEL ESTADO DE CAMPECHE<\/td>\n<\/tr>\n<tr>\n<td style=\"width: 10%;\"><a href=\"https:\/\/inpesca.campeche.gob.mx\/wp-content\/uploads\/2025\/05\/00016.pdf\" target=\"_blank\" rel=\"noopener\"><img loading=\"lazy\" decoding=\"async\" src=\"https:\/\/inpesca.campeche.gob.mx\/wp-content\/uploads\/2025\/03\/pdf_icon-150x150.png\" width=\"57\" height=\"57\" alt=\"\" class=\"wp-image-263 alignright size-thumbnail\" \/><\/a><\/td>\n<td style=\"width: 90%;\">ACUERDO DEL EJECUTIVO DEL ESTADO POR EL QUE SE CREA EL ORGANISMO DESCENTRALIZADO DE LA ADMINISTRACI\u00d3N P\u00daBLICA PARAESTATAL DENOMINADO \u201cINSTITUTO DE PESCA Y ACUACULTURA DEL ESTADO DE CAMPECHE\u201d<\/td>\n<\/tr>\n<tr>\n<td style=\"width: 10%;\"><a href=\"https:\/\/inpesca.campeche.gob.mx\/wp-content\/uploads\/2025\/05\/00017.pdf\" target=\"_blank\" rel=\"noopener\"><img loading=\"lazy\" decoding=\"async\" src=\"https:\/\/inpesca.campeche.gob.mx\/wp-content\/uploads\/2025\/03\/pdf_icon-150x150.png\" width=\"57\" height=\"57\" alt=\"\" class=\"wp-image-263 alignright size-thumbnail\" \/><\/a><\/td>\n<td style=\"width: 90%;\">LEY DE ENTREGA-RECEPCI\u00d3N DEL ESTADO DE CAMPECHE Y SUS MUNICIPIOS<\/td>\n<\/tr>\n<\/tbody>\n<\/table>\n<p>[\/et_pb_text][\/et_pb_column][\/et_pb_row][\/et_pb_section]<\/p>\n","protected":false},"excerpt":{"rendered":"<p>MARCO JUR\u00cdDICO Instituto de Pesca y Acuacultura del Estado de Campeche ACUERDO POR EL CUAL SE EMITEN LAS REGLAS DE OPERACI\u00d3N DEL PROGRAMA DE RESCATE DEL CAMPO Y VISION DEL MAR DEL INSTITUTO DE PESCA Y ACUACULTURA DEL ESTADO DE CAMPECHE PARA EL EJERCICIO FISCAL 2026 MANUAL PARA LA INTEGRACI\u00d3N Y FUNCIONAMIENTO DEL COMIT\u00c9 DE [&hellip;]<\/p>\n","protected":false},"author":2,"featured_media":0,"parent":0,"menu_order":0,"comment_status":"closed","ping_status":"closed","template":"","meta":{"_acf_changed":false,"_et_pb_use_builder":"on","_et_pb_old_content":"","_et_gb_content_width":"","footnotes":""},"class_list":["post-337","page","type-page","status-publish","hentry"],"acf":[],"_links":{"self":[{"href":"https:\/\/inpesca.campeche.gob.mx\/index.php?rest_route=\/wp\/v2\/pages\/337","targetHints":{"allow":["GET"]}}],"collection":[{"href":"https:\/\/inpesca.campeche.gob.mx\/index.php?rest_route=\/wp\/v2\/pages"}],"about":[{"href":"https:\/\/inpesca.campeche.gob.mx\/index.php?rest_route=\/wp\/v2\/types\/page"}],"author":[{"embeddable":true,"href":"https:\/\/inpesca.campeche.gob.mx\/index.php?rest_route=\/wp\/v2\/users\/2"}],"replies":[{"embeddable":true,"href":"https:\/\/inpesca.campeche.gob.mx\/index.php?rest_route=%2Fwp%2Fv2%2Fcomments&post=337"}],"version-history":[{"count":20,"href":"https:\/\/inpesca.campeche.gob.mx\/index.php?rest_route=\/wp\/v2\/pages\/337\/revisions"}],"predecessor-version":[{"id":2086,"href":"https:\/\/inpesca.campeche.gob.mx\/index.php?rest_route=\/wp\/v2\/pages\/337\/revisions\/2086"}],"wp:attachment":[{"href":"https:\/\/inpesca.campeche.gob.mx\/index.php?rest_route=%2Fwp%2Fv2%2Fmedia&parent=337"}],"curies":[{"name":"wp","href":"https:\/\/api.w.org\/{rel}","templated":true}]}}