{"id":393,"date":"2025-04-14T17:24:10","date_gmt":"2025-04-14T17:24:10","guid":{"rendered":"https:\/\/inpesca.campeche.gob.mx\/?page_id=393"},"modified":"2025-05-08T02:44:54","modified_gmt":"2025-05-08T02:44:54","slug":"contactanos","status":"publish","type":"page","link":"https:\/\/inpesca.campeche.gob.mx\/?page_id=393","title":{"rendered":"CONTACTO"},"content":{"rendered":"<p>[et_pb_section fb_built=\u00bb1&#8243; _builder_version=\u00bb4.27.4&#8243; _module_preset=\u00bbdefault\u00bb custom_padding=\u00bb14px||15px|||\u00bb global_colors_info=\u00bb{}\u00bb][et_pb_row _builder_version=\u00bb4.27.4&#8243; _module_preset=\u00bbdefault\u00bb background_enable_image=\u00bboff\u00bb custom_padding=\u00bb8px|||||\u00bb global_colors_info=\u00bb{}\u00bb][et_pb_column type=\u00bb4_4&#8243; _builder_version=\u00bb4.27.4&#8243; _module_preset=\u00bbdefault\u00bb global_colors_info=\u00bb{}\u00bb][et_pb_text _builder_version=\u00bb4.27.4&#8243; _module_preset=\u00bbdefault\u00bb global_colors_info=\u00bb{}\u00bb custom_padding=\u00bb|||33px||\u00bb]<\/p>\n<h1 style=\"text-align: left;\"><span style=\"color: #808080;\">CONTACTO<\/span><\/h1>\n<p style=\"text-align: left;\"><span style=\"color: #808080;\">Instituto de Pesca y Acuacultura del Estado de Campeche<\/span><\/p>\n<p>[\/et_pb_text][\/et_pb_column][\/et_pb_row][et_pb_row _builder_version=\u00bb4.27.4&#8243; _module_preset=\u00bbdefault\u00bb custom_padding=\u00bb5px||6px|||\u00bb][et_pb_column _builder_version=\u00bb4.27.4&#8243; _module_preset=\u00bbdefault\u00bb type=\u00bb4_4&#8243;][et_pb_text _builder_version=\u00bb4.27.4&#8243; _module_preset=\u00bbdefault\u00bb hover_enabled=\u00bb0&#8243; sticky_enabled=\u00bb0&#8243; custom_padding=\u00bb|||36px||\u00bb]<\/p>\n<p><strong>Direcci\u00f3n:<\/strong> Calle 10 Numero 338, Barrio de San Rom\u00e1n, C.P. 24040, Campeche, Campeche.<br \/><strong><\/strong><\/p>\n<p><strong><\/strong><\/p>\n<p><strong>Tel\u00e9fono:<\/strong> (981) 132 0020<br \/><strong><\/strong><\/p>\n<p><strong><\/strong><\/p>\n<p><strong>Correo Electr\u00f3nico:<\/strong> <a href=\"mailto:inpesca@campeche.gob.mx\" target=\"_blank\" rel=\"noopener\">inpesca@campeche.gob.mx<\/a><\/p>\n<p><strong><\/strong><\/p>\n<p><strong>Horario de atenci\u00f3n:<\/strong> 8:30 a 14:30 hrs. de lunes a viernes, d\u00edas h\u00e1biles<\/p>\n<p>&nbsp;<\/p>\n<p><strong>Ubicaci\u00f3n:<\/strong><\/p>\n<p>[\/et_pb_text][\/et_pb_column][\/et_pb_row][et_pb_row _builder_version=\u00bb4.27.4&#8243; _module_preset=\u00bbdefault\u00bb custom_padding=\u00bb8px|||||\u00bb][et_pb_column _builder_version=\u00bb4.27.4&#8243; _module_preset=\u00bbdefault\u00bb type=\u00bb4_4&#8243;][et_pb_code _builder_version=\u00bb4.27.4&#8243; _module_preset=\u00bbdefault\u00bb hover_enabled=\u00bb0&#8243; sticky_enabled=\u00bb0&#8243; text_orientation=\u00bbcenter\u00bb]<iframe src=\"https:\/\/www.google.com\/maps\/embed?pb=!1m18!1m12!1m3!1d234.55976737433275!2d-90.54479524044085!3d19.84180282194945!2m3!1f0!2f0!3f0!3m2!1i1024!2i768!4f13.1!3m3!1m2!1s0x85f833f2a9404733%3A0x8fdd937894c991f4!2sInstituto%20de%20Pesca%20y%20Acuacultura%20de%20Campeche!5e0!3m2!1ses-419!2smx!4v1742912446682!5m2!1ses-419!2smx\" width=\"1000 height=\"850\" style=\"border:0;\" allowfullscreen=\"\" loading=\"lazy\" referrerpolicy=\"no-referrer-when-downgrade\"><\/iframe>[\/et_pb_code][\/et_pb_column][\/et_pb_row][\/et_pb_section]<\/p>\n","protected":false},"excerpt":{"rendered":"<p>CONTACTO Instituto de Pesca y Acuacultura del Estado de CampecheDirecci\u00f3n: Calle 10 Numero 338, Barrio de San Rom\u00e1n, C.P. 24040, Campeche, Campeche. Tel\u00e9fono: (981) 132 0020 Correo Electr\u00f3nico: inpesca@campeche.gob.mx Horario de atenci\u00f3n: 8:30 a 14:30 hrs. de lunes a viernes, d\u00edas h\u00e1biles &nbsp; Ubicaci\u00f3n:<\/p>\n","protected":false},"author":2,"featured_media":0,"parent":0,"menu_order":0,"comment_status":"closed","ping_status":"closed","template":"","meta":{"_acf_changed":false,"_et_pb_use_builder":"on","_et_pb_old_content":"","_et_gb_content_width":"","footnotes":""},"class_list":["post-393","page","type-page","status-publish","hentry"],"acf":[],"_links":{"self":[{"href":"https:\/\/inpesca.campeche.gob.mx\/index.php?rest_route=\/wp\/v2\/pages\/393","targetHints":{"allow":["GET"]}}],"collection":[{"href":"https:\/\/inpesca.campeche.gob.mx\/index.php?rest_route=\/wp\/v2\/pages"}],"about":[{"href":"https:\/\/inpesca.campeche.gob.mx\/index.php?rest_route=\/wp\/v2\/types\/page"}],"author":[{"embeddable":true,"href":"https:\/\/inpesca.campeche.gob.mx\/index.php?rest_route=\/wp\/v2\/users\/2"}],"replies":[{"embeddable":true,"href":"https:\/\/inpesca.campeche.gob.mx\/index.php?rest_route=%2Fwp%2Fv2%2Fcomments&post=393"}],"version-history":[{"count":34,"href":"https:\/\/inpesca.campeche.gob.mx\/index.php?rest_route=\/wp\/v2\/pages\/393\/revisions"}],"predecessor-version":[{"id":620,"href":"https:\/\/inpesca.campeche.gob.mx\/index.php?rest_route=\/wp\/v2\/pages\/393\/revisions\/620"}],"wp:attachment":[{"href":"https:\/\/inpesca.campeche.gob.mx\/index.php?rest_route=%2Fwp%2Fv2%2Fmedia&parent=393"}],"curies":[{"name":"wp","href":"https:\/\/api.w.org\/{rel}","templated":true}]}}