{"id":477,"date":"2025-04-30T04:45:13","date_gmt":"2025-04-30T04:45:13","guid":{"rendered":"https:\/\/inpesca.campeche.gob.mx\/?page_id=477"},"modified":"2025-09-03T15:22:26","modified_gmt":"2025-09-03T15:22:26","slug":"entrega-de-apoyos-para-el-equipamiento-de-unidades-de-produccion-e-infraestructura-pesquera-y-acuicola","status":"publish","type":"page","link":"https:\/\/inpesca.campeche.gob.mx\/?page_id=477","title":{"rendered":"ENTREGA DE APOYOS PARA EL EQUIPAMIENTO DE UNIDADES DE PRODUCCI\u00d3N E INFRAESTRUCTURA PESQUERA Y ACU\u00cdCOLA"},"content":{"rendered":"<p>[et_pb_section fb_built=\u00bb1&#8243; _builder_version=\u00bb4.27.4&#8243; _module_preset=\u00bbdefault\u00bb global_colors_info=\u00bb{}\u00bb][et_pb_row _builder_version=\u00bb4.27.4&#8243; _module_preset=\u00bbdefault\u00bb background_image=\u00bbhttps:\/\/inpesca.campeche.gob.mx\/wp-content\/uploads\/2025\/03\/FonD-2048&#215;379-1.png\u00bb global_colors_info=\u00bb{}\u00bb][et_pb_column type=\u00bb4_4&#8243; _builder_version=\u00bb4.27.4&#8243; _module_preset=\u00bbdefault\u00bb global_colors_info=\u00bb{}\u00bb][et_pb_text _builder_version=\u00bb4.27.4&#8243; _module_preset=\u00bbdefault\u00bb background_enable_image=\u00bboff\u00bb global_colors_info=\u00bb{}\u00bb]<\/p>\n<h1 style=\"text-align: center;\"><span style=\"color: #ffffff;\">ENTREGA DE APOYOS PARA EL EQUIPAMIENTO DE UNIDADES DE PRODUCCI\u00d3N E INFRAESTRUCTURA PESQUERA Y ACU\u00cdCOLA<\/span><\/h1>\n<p style=\"text-align: center;\"><span style=\"color: #ffffff;\">Instituto de Pesca y Acuacultura del Estado de Campeche<\/span><\/p>\n<p>[\/et_pb_text][\/et_pb_column][\/et_pb_row][et_pb_row _builder_version=\u00bb4.27.4&#8243; _module_preset=\u00bbdefault\u00bb global_colors_info=\u00bb{}\u00bb][et_pb_column type=\u00bb4_4&#8243; _builder_version=\u00bb4.27.4&#8243; _module_preset=\u00bbdefault\u00bb global_colors_info=\u00bb{}\u00bb][et_pb_tabs _builder_version=\u00bb4.27.4&#8243; _module_preset=\u00bbdefault\u00bb hover_enabled=\u00bb0&#8243; global_colors_info=\u00bb{}\u00bb sticky_enabled=\u00bb0&#8243;][et_pb_tab title=\u00bbCONVOCATORIA\u00bb _builder_version=\u00bb4.27.4&#8243; _module_preset=\u00bbdefault\u00bb hover_enabled=\u00bb0&#8243; global_colors_info=\u00bb{}\u00bb sticky_enabled=\u00bb0&#8243;]<\/p>\n<p><a href=\"https:\/\/inpesca.campeche.gob.mx\/wp-content\/uploads\/2025\/09\/01.-CONVOCATORIA-AVITUALLAMIENTO-DE-EMBARCACIONES-RIBERENAS.pdf\" target=\"_blank\" rel=\"noopener\"><span>I. Avituallamiento de embarcaciones ribere\u00f1as.<\/span><\/a><br \/><a href=\"https:\/\/inpesca.campeche.gob.mx\/wp-content\/uploads\/2025\/09\/02.-CONVOCATORIA-KIT-DE-EMERGENCIA.pdf\" target=\"_blank\" rel=\"noopener\"><span>II. Kit de emergencia.<\/span><\/a><br \/><a href=\"https:\/\/inpesca.campeche.gob.mx\/wp-content\/uploads\/2025\/09\/03.-CONVOCATORIA-MANTENIMIENTO-Y-REFACCIONES-DE-MOTORES.pdf\" target=\"_blank\" rel=\"noopener\"><span>III. Mantenimiento y refacciones de motores para embarcaciones ribere\u00f1as y de Altura.<\/span><\/a><br \/><a href=\"https:\/\/inpesca.campeche.gob.mx\/wp-content\/uploads\/2025\/09\/04.-CONVOCATORIA-EQUIPAMIENTO-Y-MODERNIZACION-DE-EMBARCACIONES.pdf\" target=\"_blank\" rel=\"noopener\"><span>IV. Equipamiento y modernizaci\u00f3n de las embarcaciones menores de hasta 10.5 metros de eslora<\/span><\/a><br \/><a href=\"https:\/\/inpesca.campeche.gob.mx\/wp-content\/uploads\/2025\/09\/05.-CONVOCATORIA-EQUIPAMIENTO-INFRAESTRUCTURA-Y-ALIMENTO-ACUICOLA.pdf\" target=\"_blank\" rel=\"noopener\"><span>V. Equipamiento, infraestructura de producci\u00f3n acu\u00edcola.<\/span><\/a><br \/><a href=\"https:\/\/inpesca.campeche.gob.mx\/wp-content\/uploads\/2025\/09\/06.-CONVOCATORIA-INSUMO-BIOLOGICO-Y-ALIMENTO-A-LAS-UNIDADES-DE-PRODUCCION-ACUICOLA.pdf\" target=\"_blank\" rel=\"noopener\"><span>VI. Insumo biol\u00f3gico y alimento a las unidades de producci\u00f3n acu\u00edcola.<\/span><\/a><br \/><a href=\"https:\/\/inpesca.campeche.gob.mx\/wp-content\/uploads\/2025\/09\/07.-CONVOCATORIA-EQUIPAMIENTO-INFRAESTRUCTURA-INSUMO-BIOLOGICO-Y-ALIMENTO-DE-NUEVAS-UNIDADES.pdf\" target=\"_blank\" rel=\"noopener\"><span>VII. Equipamiento, infraestructura, insumo biol\u00f3gico y alimento de nuevas unidades de producci\u00f3n acu\u00edcola.<\/span><\/a><br \/><a href=\"https:\/\/inpesca.campeche.gob.mx\/wp-content\/uploads\/2025\/09\/08.-CONVOCATORIA-REHABILITACION-DE-UNIDADES-DE-PRODUCCION-ACUICOLA.pdf\" target=\"_blank\" rel=\"noopener\"><span>VIII. Rehabilitaci\u00f3n de unidades de producci\u00f3n acu\u00edcola.<\/span><\/a><br \/><a href=\"https:\/\/inpesca.campeche.gob.mx\/wp-content\/uploads\/2025\/09\/09.-CONVOCATORIA-EQUIPAMIENTO-E-INFRAESTRUCTURA-DE-CENTROS-DE-AGREGACION-DE-VALOR-DE-PRODUCTOS.pdf\" target=\"_blank\" rel=\"noopener\"><span>IX. Equipamiento e infraestructura de centros de agregaci\u00f3n de valor de productos pesqueros y acu\u00edcolas.<\/span><\/a><\/p>\n<p>[\/et_pb_tab][et_pb_tab title=\u00bbBENEFICIARIOS\u00bb _builder_version=\u00bb4.27.4&#8243; _module_preset=\u00bbdefault\u00bb hover_enabled=\u00bb0&#8243; global_colors_info=\u00bb{}\u00bb sticky_enabled=\u00bb0&#8243;]<\/p>\n<p><a href=\"https:\/\/inpesca.campeche.gob.mx\/wp-content\/uploads\/2025\/09\/LISTADO-DE-BENEFICIARIOS-AVITUALLAMIENTO-DE-EMBARCACIONES-RIBERENAS.pdf\" target=\"_blank\" rel=\"noopener\">LISTADO DE BENEFICIARIOS AVITUALLAMIENTO DE EMBARCACIONES RIBERE\u00d1AS<\/a><br \/><a href=\"https:\/\/inpesca.campeche.gob.mx\/wp-content\/uploads\/2025\/09\/LISTADO-DE-BENEFICIARIOS-KIT-DE-EMERGENCIA.pdf\" target=\"_blank\" rel=\"noopener\">LISTADO DE BENEFICIARIOS KIT DE EMERGENCIA<\/a><br \/><a href=\"https:\/\/inpesca.campeche.gob.mx\/wp-content\/uploads\/2025\/09\/LISTADO-DE-BENEFICIARIOS-MANTENIMIENTO-Y-REFACCIONES-DE-MOTORES.pdf\" target=\"_blank\" rel=\"noopener\">LISTADO DE BENEFICIARIOS MANTENIMIENTO Y REFACCIONES DE MOTORES<\/a><br \/><a href=\"https:\/\/inpesca.campeche.gob.mx\/wp-content\/uploads\/2025\/09\/LISTADO-DE-BENEFICIARIOS-REHABILITACION-DE-UNIDADES-DE-PRODUCCION-ACUICOLA.pdf\" target=\"_blank\" rel=\"noopener\">LISTADO DE BENEFICIARIOS REHABILITACION DE UNIDADES DE PRODUCCION ACUICOLA<\/a><\/p>\n<p>[\/et_pb_tab][\/et_pb_tabs][\/et_pb_column][\/et_pb_row][\/et_pb_section]<\/p>\n","protected":false},"excerpt":{"rendered":"<p>ENTREGA DE APOYOS PARA EL EQUIPAMIENTO DE UNIDADES DE PRODUCCI\u00d3N E INFRAESTRUCTURA PESQUERA Y ACU\u00cdCOLA Instituto de Pesca y Acuacultura del Estado de CampecheI. Avituallamiento de embarcaciones ribere\u00f1as.II. Kit de emergencia.III. Mantenimiento y refacciones de motores para embarcaciones ribere\u00f1as y de Altura.IV. Equipamiento y modernizaci\u00f3n de las embarcaciones menores de hasta 10.5 metros de esloraV. [&hellip;]<\/p>\n","protected":false},"author":2,"featured_media":0,"parent":0,"menu_order":0,"comment_status":"closed","ping_status":"closed","template":"","meta":{"_acf_changed":false,"_et_pb_use_builder":"on","_et_pb_old_content":"","_et_gb_content_width":"","footnotes":""},"class_list":["post-477","page","type-page","status-publish","hentry"],"acf":[],"_links":{"self":[{"href":"https:\/\/inpesca.campeche.gob.mx\/index.php?rest_route=\/wp\/v2\/pages\/477","targetHints":{"allow":["GET"]}}],"collection":[{"href":"https:\/\/inpesca.campeche.gob.mx\/index.php?rest_route=\/wp\/v2\/pages"}],"about":[{"href":"https:\/\/inpesca.campeche.gob.mx\/index.php?rest_route=\/wp\/v2\/types\/page"}],"author":[{"embeddable":true,"href":"https:\/\/inpesca.campeche.gob.mx\/index.php?rest_route=\/wp\/v2\/users\/2"}],"replies":[{"embeddable":true,"href":"https:\/\/inpesca.campeche.gob.mx\/index.php?rest_route=%2Fwp%2Fv2%2Fcomments&post=477"}],"version-history":[{"count":6,"href":"https:\/\/inpesca.campeche.gob.mx\/index.php?rest_route=\/wp\/v2\/pages\/477\/revisions"}],"predecessor-version":[{"id":1487,"href":"https:\/\/inpesca.campeche.gob.mx\/index.php?rest_route=\/wp\/v2\/pages\/477\/revisions\/1487"}],"wp:attachment":[{"href":"https:\/\/inpesca.campeche.gob.mx\/index.php?rest_route=%2Fwp%2Fv2%2Fmedia&parent=477"}],"curies":[{"name":"wp","href":"https:\/\/api.w.org\/{rel}","templated":true}]}}