{"id":496,"date":"2025-04-30T05:47:09","date_gmt":"2025-04-30T05:47:09","guid":{"rendered":"https:\/\/inpesca.campeche.gob.mx\/?page_id=496"},"modified":"2025-09-03T15:29:30","modified_gmt":"2025-09-03T15:29:30","slug":"apoyos-para-la-atencion-de-eventualidades-extraordinarias-en-el-sector-pesquero","status":"publish","type":"page","link":"https:\/\/inpesca.campeche.gob.mx\/?page_id=496","title":{"rendered":"APOYOS PARA LA ATENCI\u00d3N DE EVENTUALIDADES EXTRAORDINARIAS EN EL SECTOR PESQUERO"},"content":{"rendered":"<p>[et_pb_section fb_built=\u00bb1&#8243; _builder_version=\u00bb4.27.4&#8243; _module_preset=\u00bbdefault\u00bb global_colors_info=\u00bb{}\u00bb][et_pb_row _builder_version=\u00bb4.27.4&#8243; _module_preset=\u00bbdefault\u00bb background_image=\u00bbhttps:\/\/inpesca.campeche.gob.mx\/wp-content\/uploads\/2025\/03\/FonD-2048&#215;379-1.png\u00bb global_colors_info=\u00bb{}\u00bb][et_pb_column type=\u00bb4_4&#8243; _builder_version=\u00bb4.27.4&#8243; _module_preset=\u00bbdefault\u00bb global_colors_info=\u00bb{}\u00bb][et_pb_text _builder_version=\u00bb4.27.4&#8243; _module_preset=\u00bbdefault\u00bb global_colors_info=\u00bb{}\u00bb]<\/p>\n<h1 style=\"text-align: center;\"><span style=\"color: #ffffff;\">APOYOS PARA LA ATENCI\u00d3N DE EVENTUALIDADES EXTRAORDINARIAS EN EL SECTOR PESQUERO<\/span><\/h1>\n<p style=\"text-align: center;\"><span style=\"color: #ffffff;\">Instituto de Pesca y Acuacultura del Estado de Campeche<\/span><\/p>\n<p>[\/et_pb_text][\/et_pb_column][\/et_pb_row][et_pb_row _builder_version=\u00bb4.27.4&#8243; _module_preset=\u00bbdefault\u00bb global_colors_info=\u00bb{}\u00bb][et_pb_column type=\u00bb4_4&#8243; _builder_version=\u00bb4.27.4&#8243; _module_preset=\u00bbdefault\u00bb global_colors_info=\u00bb{}\u00bb][et_pb_tabs _builder_version=\u00bb4.27.4&#8243; _module_preset=\u00bbdefault\u00bb hover_enabled=\u00bb0&#8243; global_colors_info=\u00bb{}\u00bb sticky_enabled=\u00bb0&#8243;][et_pb_tab title=\u00bbCONVOCATORIA\u00bb _builder_version=\u00bb4.27.4&#8243; _module_preset=\u00bbdefault\u00bb hover_enabled=\u00bb0&#8243; global_colors_info=\u00bb{}\u00bb sticky_enabled=\u00bb0&#8243;]<\/p>\n<p><a href=\"https:\/\/inpesca.campeche.gob.mx\/wp-content\/uploads\/2025\/09\/11.-CONVOCATORIA-ATENCION-DE-EVENTUALIDADES-EXTRAORDINARIAS.pdf\" target=\"_blank\" rel=\"noopener\"><span>I. Apoyo econ\u00f3mico para la atenci\u00f3n de situaciones de emergencia temporales que disminuyen o impiden su ingreso por cuestiones de deterioro de su infraestructura productiva, de salud, riesgo o emergencia a permisionario y pescadores ribere\u00f1os o de altura.<\/span><\/a><br \/><a href=\"https:\/\/inpesca.campeche.gob.mx\/wp-content\/uploads\/2025\/09\/11.-CONVOCATORIA-ATENCION-DE-EVENTUALIDADES-EXTRAORDINARIAS.pdf\" target=\"_blank\" rel=\"noopener\"><span>II. Apoyo para realizaci\u00f3n de estudios o an\u00e1lisis cl\u00ednicos.<\/span><\/a><br \/><a href=\"https:\/\/inpesca.campeche.gob.mx\/wp-content\/uploads\/2025\/09\/11.-CONVOCATORIA-ATENCION-DE-EVENTUALIDADES-EXTRAORDINARIAS.pdf\" target=\"_blank\" rel=\"noopener\"><span>III. Apoyos en especie al sector pesquero en situaci\u00f3n de riesgo o emergencia por contingencias naturales, sociales o de salud.<\/span><\/a><\/p>\n<p>[\/et_pb_tab][et_pb_tab title=\u00bbBENEFICIARIOS\u00bb _builder_version=\u00bb4.27.4&#8243; _module_preset=\u00bbdefault\u00bb hover_enabled=\u00bb0&#8243; global_colors_info=\u00bb{}\u00bb sticky_enabled=\u00bb0&#8243;]<\/p>\n<p><a href=\"https:\/\/inpesca.campeche.gob.mx\/wp-content\/uploads\/2025\/09\/LISTADO-DE-BENEFICIARIOS-ATENCION-DE-EVENTUALIDADES-EXTRAORDINARIAS.pdf\" target=\"_blank\" rel=\"noopener\">LISTADO DE BENEFICIARIOS ATENCION DE EVENTUALIDADES EXTRAORDINARIAS<\/a><\/p>\n<p>[\/et_pb_tab][\/et_pb_tabs][\/et_pb_column][\/et_pb_row][\/et_pb_section]<\/p>\n","protected":false},"excerpt":{"rendered":"<p>APOYOS PARA LA ATENCI\u00d3N DE EVENTUALIDADES EXTRAORDINARIAS EN EL SECTOR PESQUERO Instituto de Pesca y Acuacultura del Estado de CampecheI. Apoyo econ\u00f3mico para la atenci\u00f3n de situaciones de emergencia temporales que disminuyen o impiden su ingreso por cuestiones de deterioro de su infraestructura productiva, de salud, riesgo o emergencia a permisionario y pescadores ribere\u00f1os o [&hellip;]<\/p>\n","protected":false},"author":2,"featured_media":0,"parent":0,"menu_order":0,"comment_status":"closed","ping_status":"closed","template":"","meta":{"_acf_changed":false,"_et_pb_use_builder":"on","_et_pb_old_content":"","_et_gb_content_width":"","footnotes":""},"class_list":["post-496","page","type-page","status-publish","hentry"],"acf":[],"_links":{"self":[{"href":"https:\/\/inpesca.campeche.gob.mx\/index.php?rest_route=\/wp\/v2\/pages\/496","targetHints":{"allow":["GET"]}}],"collection":[{"href":"https:\/\/inpesca.campeche.gob.mx\/index.php?rest_route=\/wp\/v2\/pages"}],"about":[{"href":"https:\/\/inpesca.campeche.gob.mx\/index.php?rest_route=\/wp\/v2\/types\/page"}],"author":[{"embeddable":true,"href":"https:\/\/inpesca.campeche.gob.mx\/index.php?rest_route=\/wp\/v2\/users\/2"}],"replies":[{"embeddable":true,"href":"https:\/\/inpesca.campeche.gob.mx\/index.php?rest_route=%2Fwp%2Fv2%2Fcomments&post=496"}],"version-history":[{"count":4,"href":"https:\/\/inpesca.campeche.gob.mx\/index.php?rest_route=\/wp\/v2\/pages\/496\/revisions"}],"predecessor-version":[{"id":1491,"href":"https:\/\/inpesca.campeche.gob.mx\/index.php?rest_route=\/wp\/v2\/pages\/496\/revisions\/1491"}],"wp:attachment":[{"href":"https:\/\/inpesca.campeche.gob.mx\/index.php?rest_route=%2Fwp%2Fv2%2Fmedia&parent=496"}],"curies":[{"name":"wp","href":"https:\/\/api.w.org\/{rel}","templated":true}]}}