{"id":52,"date":"2025-03-20T16:09:09","date_gmt":"2025-03-20T16:09:09","guid":{"rendered":"https:\/\/inpesca.campeche.gob.mx\/?page_id=52"},"modified":"2025-05-07T21:50:32","modified_gmt":"2025-05-07T21:50:32","slug":"conocenos","status":"publish","type":"page","link":"https:\/\/inpesca.campeche.gob.mx\/?page_id=52","title":{"rendered":"MISI\u00d3N Y VISI\u00d3N"},"content":{"rendered":"<p>[et_pb_section fb_built=\u00bb1&#8243; _builder_version=\u00bb4.27.4&#8243; _module_preset=\u00bbdefault\u00bb global_colors_info=\u00bb{}\u00bb custom_padding=\u00bb0px|||||\u00bb][et_pb_row _builder_version=\u00bb4.27.4&#8243; _module_preset=\u00bbdefault\u00bb column_structure=\u00bb1_2,1_2&#8243; hover_enabled=\u00bb0&#8243; sticky_enabled=\u00bb0&#8243;][et_pb_column _builder_version=\u00bb4.27.4&#8243; _module_preset=\u00bbdefault\u00bb type=\u00bb1_2&#8243; border_radii=\u00bbon|1px|1px|1px|1px\u00bb border_width_all=\u00bb1px\u00bb custom_padding=\u00bb15px|30px|15px|30px|true|true\u00bb global_colors_info=\u00bb{%22gcid-f4456b1a-3981-4d56-b88c-d51786b63b7b%22:%91%22border_color_all%22%93}\u00bb border_color_all=\u00bbgcid-f4456b1a-3981-4d56-b88c-d51786b63b7b\u00bb hover_enabled=\u00bb0&#8243; sticky_enabled=\u00bb0&#8243;][et_pb_text _builder_version=\u00bb4.27.4&#8243; _module_preset=\u00bbdefault\u00bb hover_enabled=\u00bb0&#8243; sticky_enabled=\u00bb0&#8243;]<\/p>\n<h1 class=\"et_pb_toggle_title\" style=\"text-align: center;\"><span style=\"color: #808080;\">MISI\u00d3N<\/span><\/h1>\n<div class=\"et_pb_toggle_content clearfix\">\n<p style=\"text-align: justify;\">Somos un organismo encargado de gestionar las actividades del sector pesquero y acu\u00edcola con la finalidad de contribuir al desarrollo productivo y econ\u00f3mico del Estado para el beneficio de los campechanos.<\/p>\n<\/div>\n<p>[\/et_pb_text][\/et_pb_column][et_pb_column _builder_version=\u00bb4.27.4&#8243; _module_preset=\u00bbdefault\u00bb type=\u00bb1_2&#8243; border_width_all=\u00bb1px\u00bb global_colors_info=\u00bb{%22gcid-f4456b1a-3981-4d56-b88c-d51786b63b7b%22:%91%22border_color_all%22%93}\u00bb border_color_all=\u00bbgcid-f4456b1a-3981-4d56-b88c-d51786b63b7b\u00bb custom_padding=\u00bb15px|30px|15px|30px|true|true\u00bb hover_enabled=\u00bb0&#8243; sticky_enabled=\u00bb0&#8243;][et_pb_text _builder_version=\u00bb4.27.4&#8243; _module_preset=\u00bbdefault\u00bb hover_enabled=\u00bb0&#8243; sticky_enabled=\u00bb0&#8243;]<\/p>\n<h1 class=\"et_pb_toggle_title\" style=\"text-align: center;\"><span style=\"color: #808080;\">VISI\u00d3N<\/span><\/h1>\n<div class=\"et_pb_toggle_content clearfix\">\n<p style=\"text-align: justify;\">Ser referente a nivel nacional e internacional, en implementaci\u00f3n de pol\u00edticas p\u00fablicas encaminadas al desarrollo productivo y econ\u00f3mico de las actividades pesqueras y acu\u00edcolas que contribuyen a mejorar las condiciones de vida de los campechanos que participan en el sector.<\/p>\n<\/div>\n<p>[\/et_pb_text][\/et_pb_column][\/et_pb_row][\/et_pb_section]<\/p>\n","protected":false},"excerpt":{"rendered":"<p>MISI\u00d3N Somos un organismo encargado de gestionar las actividades del sector pesquero y acu\u00edcola con la finalidad de contribuir al desarrollo productivo y econ\u00f3mico del Estado para el beneficio de los campechanos. VISI\u00d3N Ser referente a nivel nacional e internacional, en implementaci\u00f3n de pol\u00edticas p\u00fablicas encaminadas al desarrollo productivo y econ\u00f3mico de las actividades pesqueras [&hellip;]<\/p>\n","protected":false},"author":2,"featured_media":0,"parent":0,"menu_order":0,"comment_status":"closed","ping_status":"closed","template":"","meta":{"_acf_changed":false,"_et_pb_use_builder":"on","_et_pb_old_content":"","_et_gb_content_width":"","footnotes":""},"class_list":["post-52","page","type-page","status-publish","hentry"],"acf":[],"_links":{"self":[{"href":"https:\/\/inpesca.campeche.gob.mx\/index.php?rest_route=\/wp\/v2\/pages\/52","targetHints":{"allow":["GET"]}}],"collection":[{"href":"https:\/\/inpesca.campeche.gob.mx\/index.php?rest_route=\/wp\/v2\/pages"}],"about":[{"href":"https:\/\/inpesca.campeche.gob.mx\/index.php?rest_route=\/wp\/v2\/types\/page"}],"author":[{"embeddable":true,"href":"https:\/\/inpesca.campeche.gob.mx\/index.php?rest_route=\/wp\/v2\/users\/2"}],"replies":[{"embeddable":true,"href":"https:\/\/inpesca.campeche.gob.mx\/index.php?rest_route=%2Fwp%2Fv2%2Fcomments&post=52"}],"version-history":[{"count":8,"href":"https:\/\/inpesca.campeche.gob.mx\/index.php?rest_route=\/wp\/v2\/pages\/52\/revisions"}],"predecessor-version":[{"id":608,"href":"https:\/\/inpesca.campeche.gob.mx\/index.php?rest_route=\/wp\/v2\/pages\/52\/revisions\/608"}],"wp:attachment":[{"href":"https:\/\/inpesca.campeche.gob.mx\/index.php?rest_route=%2Fwp%2Fv2%2Fmedia&parent=52"}],"curies":[{"name":"wp","href":"https:\/\/api.w.org\/{rel}","templated":true}]}}